{"id":644,"date":"2019-06-12T09:12:15","date_gmt":"2019-06-12T09:12:15","guid":{"rendered":"https:\/\/jahisil.es\/?page_id=644"},"modified":"2019-06-14T10:07:40","modified_gmt":"2019-06-14T10:07:40","slug":"aviso-legal","status":"publish","type":"page","link":"https:\/\/jahisil.es\/en\/aviso-legal\/","title":{"rendered":"Aviso Legal"},"content":{"rendered":"<div data-elementor-type=\"wp-page\" data-elementor-id=\"644\" class=\"elementor elementor-644 elementor-bc-flex-widget\">\n\t\t\t\t\t\t<section class=\"has_eae_slider elementor-section elementor-top-section elementor-element elementor-element-7e670265 elementor-section-full_width elementor-section-height-default elementor-section-height-default\" data-eae-slider=\"12809\" data-id=\"7e670265\" data-element_type=\"section\" data-e-type=\"section\" data-settings=\"{&quot;background_background&quot;:&quot;classic&quot;}\">\n\t\t\t\t\t\t<div class=\"elementor-container elementor-column-gap-default\">\n\t\t\t\t\t<div class=\"has_eae_slider elementor-column elementor-col-100 elementor-top-column elementor-element elementor-element-25ae1894\" data-eae-slider=\"91237\" data-id=\"25ae1894\" data-element_type=\"column\" data-e-type=\"column\">\n\t\t\t<div class=\"elementor-widget-wrap elementor-element-populated\">\n\t\t\t\t\t\t<div class=\"elementor-element elementor-element-73471575 elementor-widget elementor-widget-heading\" data-id=\"73471575\" data-element_type=\"widget\" data-e-type=\"widget\" data-widget_type=\"heading.default\">\n\t\t\t\t<div class=\"elementor-widget-container\">\n\t\t\t\t\t<h1 class=\"elementor-heading-title elementor-size-default\">Informaci\u00f3n adicional y detallada sobre el uso de sus datos de car\u00e1cter personal<\/h1>\t\t\t\t<\/div>\n\t\t\t\t<\/div>\n\t\t\t\t\t<\/div>\n\t\t<\/div>\n\t\t\t\t\t<\/div>\n\t\t<\/section>\n\t\t\t\t<section class=\"has_eae_slider elementor-section elementor-top-section elementor-element elementor-element-1b1821a0 elementor-section-boxed elementor-section-height-default elementor-section-height-default\" data-eae-slider=\"39974\" data-id=\"1b1821a0\" data-element_type=\"section\" data-e-type=\"section\">\n\t\t\t\t\t\t<div class=\"elementor-container elementor-column-gap-default\">\n\t\t\t\t\t<div class=\"has_eae_slider elementor-column elementor-col-100 elementor-top-column elementor-element elementor-element-3c9c0288\" data-eae-slider=\"38017\" data-id=\"3c9c0288\" data-element_type=\"column\" data-e-type=\"column\">\n\t\t\t<div class=\"elementor-widget-wrap elementor-element-populated\">\n\t\t\t\t\t\t<div class=\"elementor-element elementor-element-da1421d text_politicas elementor-widget elementor-widget-text-editor\" data-id=\"da1421d\" data-element_type=\"widget\" data-e-type=\"widget\" data-widget_type=\"text-editor.default\">\n\t\t\t\t<div class=\"elementor-widget-container\">\n\t\t\t\t\t\t\t\t\t<h3>1. RESPONSABLES DE TRATAMIENTO<\/h3><h4><strong>\u00bfQui\u00e9nes es el responsable del tratamiento?<\/strong><\/h4><p>El responsable de tratamiento es JAHISIL S.L. (con CIF B50090760 y direcci\u00f3n postal en POLIGONO INDUSTRIAL PRYDES, NAVE 1, CR. CASTELL\u00d3N KM 9,5. 50720 LA CARTUJA BAJA- ZARAGOZA).<\/p><h3>2. FINALIDAD DEL TRATAMIENTO Y LEGITIMACI\u00d3N<\/h3><h4><strong>\u00bfCu\u00e1l es la finalidad del tratamiento de datos?<\/strong><\/h4><p>En JAHISIL S.L. tratamos los datos recabados por este formulario para la gesti\u00f3n de las consultas realizadas y atender sus posibles solicitudes.<\/p><p>El interesado ser\u00e1 el \u00fanico responsable a causa de la cumplimentaci\u00f3n de los formularios con datos falsos, inexactos, incompletos o no actualizados.<\/p><h4><strong>\u00bfCu\u00e1l es la base de legitimaci\u00f3n del tratamiento?<\/strong><\/h4><p>El tratamiento de sus datos est\u00e1 basado en su consentimiento, que otorga al facilitar los datos que se solicitan, rellenando y enviando el presente formulario y al marcar la casilla aceptando este aviso de privacidad.<\/p><h4><strong>\u00bfSer\u00e1 necesario que nos facilite todos sus datos? \u00bfQu\u00e9 suceder\u00e1 si no nos los facilita?<\/strong><\/h4><p>S\u00ed, ser\u00e1 necesario que nos facilite todos los datos personales solicitados en el formulario. En caso que no nos facilite los datos solicitados, no podremos atender debidamente su solicitud<\/p><h4><strong>\u00bfRealizaremos decisiones individualizadas automatizadas y\/o elaboraci\u00f3n de perfiles, que produzcan efectos jur\u00eddicos o le afecten significativamente de modo similar?<\/strong><\/h4><p>No.<\/p><h4><strong>\u00bfDurante cu\u00e1nto tiempo trataremos sus datos?<\/strong><\/h4><p>Los datos personales proporcionados se conservar\u00e1n mientras no solicite su supresi\u00f3n o cancelaci\u00f3n y siempre que resulten adecuados, pertinentes y limitados a lo necesario para los fines para los que sean tratados.<\/p><h3>3. DESTINATARIOS DE CESIONES:<\/h3><p>El Interesado queda informado, y acepta, que el acceso a la presente web no supone, en modo alguno, el inicio de una relaci\u00f3n comercial con el propietario de la pagina web.<\/p><p><strong>\u00bfCederemos sus datos a otras empresas?<\/strong><\/p><p>No se ceder\u00e1n datos a terceros.<\/p><h3>4. DESTINATARIOS DE TRANSFERENCIAS INTERNACIONALES:<\/h3><p>\u00bfSus datos de car\u00e1cter personal ser\u00e1n transferidos a terceros pa\u00edses u organizaciones internacionales?<\/p><p>No se realizan transferencias internacionales.<\/p><h3>5. DERECHOS DEL INTERESADO:<\/h3><p>\u00bfQu\u00e9 derechos le amparan en relaci\u00f3n al tratamiento de sus datos?<\/p><p>Cualquier interesado tiene derecho a obtener confirmaci\u00f3n sobre si en JAHISIL S.L. estamos tratando datos personales que les conciernen, o no.<\/p><p>Asimismo, tal y como prev\u00e9 el Reglamento General de Protecci\u00f3n de Datos, le informamos que usted tiene los siguientes derechos<\/p><ul><li><p><strong>Acceder a sus datos<\/strong><\/p><\/li><\/ul><p>Ud. tiene derecho a acceder a sus datos para conocer qu\u00e9 datos personales estamos tratando que le conciernen.<\/p><ul><li><p><strong>Solicitar la rectificaci\u00f3n o supresi\u00f3n de sus datos<\/strong><\/p><\/li><\/ul><p>En determinadas circunstancias, Ud. tiene derecho a rectificar aquellos datos personales inexactos que le conciernen que sean objeto de tratamiento por nuestra parte o, incluso, a solicitarnos su supresi\u00f3n cuando, entre otros motivos, los datos ya no fueran necesarios para los fines que fueron recogidos.<\/p><ul><li><p><strong>Solicitar la limitaci\u00f3n del tratamiento de sus datos<\/strong><\/p><\/li><\/ul><p>En determinadas circunstancias, Ud. tendr\u00e1 derecho a solicitarnos la limitaci\u00f3n del tratamiento de sus datos, en cuyo caso le informamos que \u00fanicamente los conservaremos para el ejercicio o defensa de reclamaciones tal y como prev\u00e9 el Reglamento General de Protecci\u00f3n de Datos.<\/p><ul><li><p><strong>A la portabilidad de sus datos<\/strong><\/p><\/li><\/ul><p>En determinadas circunstancias, Ud. tendr\u00e1 derecho a recibir los datos personales que le incumban, y que nos haya facilitado, en un formato estructurado, de uso com\u00fan y lectura mec\u00e1nica, y a transmitirlos a otro responsable del tratamiento.<\/p><ul><li><p><strong>Oponerse al tratamiento de sus datos<\/strong><\/p><\/li><\/ul><p>En determinadas circunstancias y por motivos relacionados con su situaci\u00f3n particular, Ud. tendr\u00e1 derecho a oponerse al tratamiento de sus datos en cuyo caso, dejar\u00edamos de tratarlos salvo que por motivos leg\u00edtimos imperiosos, o el ejercicio o la defensa de posibles reclamaciones.<\/p><h4><strong>\u00bfCu\u00e1ndo responderemos a su solicitud?<\/strong><\/h4><p>Responderemos a sus peticiones a la mayor brevedad posible y, en todo caso, en el plazo de un mes desde la recepci\u00f3n de su solicitud. Dicho plazo podr\u00e1 prorrogarse otros dos meses en caso necesario, teniendo en cuenta la complejidad y el n\u00famero de solicitudes. El responsable informar\u00e1 al interesado de la pr\u00f3rroga dentro del primer mes desde la solicitud.<\/p><h4><strong>\u00bfUsted tiene derecho a retirar su consentimiento?<\/strong><\/h4><p>El interesado tiene derecho a retirar el consentimiento en cualquier momento, sin que ello afecte a la licitud del tratamiento basado en el consentimiento previo a su retirada.<\/p><h4><strong>\u00bfD\u00f3nde debe dirigirse para el ejercicio sus derechos?<\/strong><\/h4><p>Para el ejercicio de los derechos reconocidos, el interesado podr\u00e1 ponerse en contacto a trav\u00e9s de la siguiente direcci\u00f3n de correo electr\u00f3nico: jahisil@jahisil.es o dirigiendo un escrito a JAHISIL S.L a la direcci\u00f3n indicada en el apartado primero sobre responsables de tratamiento.<\/p><h4><strong>\u00bfUsted tiene derecho a reclamar?<\/strong><\/h4><p>S\u00ed. Usted, especialmente cuando no haya obtenido satisfacci\u00f3n en el ejercicio de sus derechos, tiene derecho a presentar reclamaci\u00f3n ante la autoridad nacional de control, a estos efectos debe dirigirse ante la Agencia Espa\u00f1ola de Protecci\u00f3n de Datos.<\/p>\t\t\t\t\t\t\t\t<\/div>\n\t\t\t\t<\/div>\n\t\t\t\t\t<\/div>\n\t\t<\/div>\n\t\t\t\t\t<\/div>\n\t\t<\/section>\n\t\t\t\t<\/div>","protected":false},"excerpt":{"rendered":"<p>Informaci\u00f3n adicional y detallada sobre el uso de sus datos de car\u00e1cter personal 1. RESPONSABLES DE TRATAMIENTO \u00bfQui\u00e9nes es el responsable del tratamiento? El responsable de tratamiento es JAHISIL S.L. (con CIF B50090760 y direcci\u00f3n postal en POLIGONO INDUSTRIAL PRYDES, NAVE 1, CR. CASTELL\u00d3N KM 9,5. 50720 LA CARTUJA BAJA- ZARAGOZA). 2. FINALIDAD DEL TRATAMIENTO [&hellip;]<\/p>","protected":false},"author":1,"featured_media":0,"parent":0,"menu_order":0,"comment_status":"closed","ping_status":"closed","template":"","meta":{"site-sidebar-layout":"no-sidebar","site-content-layout":"page-builder","ast-site-content-layout":"","site-content-style":"default","site-sidebar-style":"default","ast-global-header-display":"","ast-banner-title-visibility":"","ast-main-header-display":"","ast-hfb-above-header-display":"","ast-hfb-below-header-display":"","ast-hfb-mobile-header-display":"","site-post-title":"disabled","ast-breadcrumbs-content":"","ast-featured-img":"disabled","footer-sml-layout":"","theme-transparent-header-meta":"","adv-header-id-meta":"","stick-header-meta":"","header-above-stick-meta":"","header-main-stick-meta":"","header-below-stick-meta":"","astra-migrate-meta-layouts":"default","ast-page-background-enabled":"default","ast-page-background-meta":{"desktop":{"background-color":"","background-image":"","background-repeat":"repeat","background-position":"center center","background-size":"auto","background-attachment":"scroll","background-type":"","background-media":"","overlay-type":"","overlay-color":"","overlay-opacity":"","overlay-gradient":""},"tablet":{"background-color":"","background-image":"","background-repeat":"repeat","background-position":"center center","background-size":"auto","background-attachment":"scroll","background-type":"","background-media":"","overlay-type":"","overlay-color":"","overlay-opacity":"","overlay-gradient":""},"mobile":{"background-color":"","background-image":"","background-repeat":"repeat","background-position":"center center","background-size":"auto","background-attachment":"scroll","background-type":"","background-media":"","overlay-type":"","overlay-color":"","overlay-opacity":"","overlay-gradient":""}},"ast-content-background-meta":{"desktop":{"background-color":"var(--ast-global-color-5)","background-image":"","background-repeat":"repeat","background-position":"center center","background-size":"auto","background-attachment":"scroll","background-type":"","background-media":"","overlay-type":"","overlay-color":"","overlay-opacity":"","overlay-gradient":""},"tablet":{"background-color":"var(--ast-global-color-5)","background-image":"","background-repeat":"repeat","background-position":"center center","background-size":"auto","background-attachment":"scroll","background-type":"","background-media":"","overlay-type":"","overlay-color":"","overlay-opacity":"","overlay-gradient":""},"mobile":{"background-color":"var(--ast-global-color-5)","background-image":"","background-repeat":"repeat","background-position":"center center","background-size":"auto","background-attachment":"scroll","background-type":"","background-media":"","overlay-type":"","overlay-color":"","overlay-opacity":"","overlay-gradient":""}},"footnotes":""},"class_list":["post-644","page","type-page","status-publish","hentry"],"yoast_head":"<!-- This site is optimized with the Yoast SEO plugin v27.5 - https:\/\/yoast.com\/product\/yoast-seo-wordpress\/ -->\n<title>Aviso Legal - Jahisil | Mayorista y distribuidor de diet\u00e9tica y parafarmacia<\/title>\n<meta name=\"description\" content=\"Informaci\u00f3n adicional y detallada sobre el uso de sus datos de car\u00e1cter personal\" \/>\n<meta name=\"robots\" content=\"index, follow, max-snippet:-1, max-image-preview:large, max-video-preview:-1\" \/>\n<link rel=\"canonical\" href=\"https:\/\/jahisil.es\/en\/aviso-legal\/\" \/>\n<meta property=\"og:locale\" content=\"en_GB\" \/>\n<meta property=\"og:type\" content=\"article\" \/>\n<meta property=\"og:title\" content=\"Aviso Legal - Jahisil | Mayorista y distribuidor de diet\u00e9tica y parafarmacia\" \/>\n<meta property=\"og:description\" content=\"Informaci\u00f3n adicional y detallada sobre el uso de sus datos de car\u00e1cter personal\" \/>\n<meta property=\"og:url\" content=\"https:\/\/jahisil.es\/en\/aviso-legal\/\" \/>\n<meta property=\"og:site_name\" content=\"Jahisil\" \/>\n<meta property=\"article:publisher\" content=\"https:\/\/www.facebook.com\/jahisilzaradiet\" \/>\n<meta property=\"article:modified_time\" content=\"2019-06-14T10:07:40+00:00\" \/>\n<meta name=\"twitter:card\" content=\"summary_large_image\" \/>\n<meta name=\"twitter:label1\" content=\"Estimated reading time\" \/>\n\t<meta name=\"twitter:data1\" content=\"4 minutes\" \/>\n<script type=\"application\/ld+json\" class=\"yoast-schema-graph\">{\"@context\":\"https:\\\/\\\/schema.org\",\"@graph\":[{\"@type\":\"WebPage\",\"@id\":\"https:\\\/\\\/jahisil.es\\\/aviso-legal\\\/\",\"url\":\"https:\\\/\\\/jahisil.es\\\/aviso-legal\\\/\",\"name\":\"Aviso Legal - Jahisil | Mayorista y distribuidor de diet\u00e9tica y parafarmacia\",\"isPartOf\":{\"@id\":\"https:\\\/\\\/jahisil.es\\\/#website\"},\"datePublished\":\"2019-06-12T09:12:15+00:00\",\"dateModified\":\"2019-06-14T10:07:40+00:00\",\"description\":\"Informaci\u00f3n adicional y detallada sobre el uso de sus datos de car\u00e1cter personal\",\"breadcrumb\":{\"@id\":\"https:\\\/\\\/jahisil.es\\\/aviso-legal\\\/#breadcrumb\"},\"inLanguage\":\"en-GB\",\"potentialAction\":[{\"@type\":\"ReadAction\",\"target\":[\"https:\\\/\\\/jahisil.es\\\/aviso-legal\\\/\"]}]},{\"@type\":\"BreadcrumbList\",\"@id\":\"https:\\\/\\\/jahisil.es\\\/aviso-legal\\\/#breadcrumb\",\"itemListElement\":[{\"@type\":\"ListItem\",\"position\":1,\"name\":\"Portada\",\"item\":\"https:\\\/\\\/jahisil.es\\\/\"},{\"@type\":\"ListItem\",\"position\":2,\"name\":\"Aviso Legal\"}]},{\"@type\":\"WebSite\",\"@id\":\"https:\\\/\\\/jahisil.es\\\/#website\",\"url\":\"https:\\\/\\\/jahisil.es\\\/\",\"name\":\"Jahisil\",\"description\":\"Especialistas en cuidarte\",\"publisher\":{\"@id\":\"https:\\\/\\\/jahisil.es\\\/#organization\"},\"potentialAction\":[{\"@type\":\"SearchAction\",\"target\":{\"@type\":\"EntryPoint\",\"urlTemplate\":\"https:\\\/\\\/jahisil.es\\\/?s={search_term_string}\"},\"query-input\":{\"@type\":\"PropertyValueSpecification\",\"valueRequired\":true,\"valueName\":\"search_term_string\"}}],\"inLanguage\":\"en-GB\"},{\"@type\":\"Organization\",\"@id\":\"https:\\\/\\\/jahisil.es\\\/#organization\",\"name\":\"Jahisil\",\"url\":\"https:\\\/\\\/jahisil.es\\\/\",\"logo\":{\"@type\":\"ImageObject\",\"inLanguage\":\"en-GB\",\"@id\":\"https:\\\/\\\/jahisil.es\\\/#\\\/schema\\\/logo\\\/image\\\/\",\"url\":\"https:\\\/\\\/jahisil.es\\\/wp-content\\\/uploads\\\/2024\\\/09\\\/cropped-jahisil-logo-52px-con-transparencia.png\",\"contentUrl\":\"https:\\\/\\\/jahisil.es\\\/wp-content\\\/uploads\\\/2024\\\/09\\\/cropped-jahisil-logo-52px-con-transparencia.png\",\"width\":190,\"height\":51,\"caption\":\"Jahisil\"},\"image\":{\"@id\":\"https:\\\/\\\/jahisil.es\\\/#\\\/schema\\\/logo\\\/image\\\/\"},\"sameAs\":[\"https:\\\/\\\/www.facebook.com\\\/jahisilzaradiet\",\"https:\\\/\\\/es.linkedin.com\\\/company\\\/jahisil\"]}]}<\/script>\n<!-- \/ Yoast SEO plugin. -->","yoast_head_json":{"title":"Aviso Legal - Jahisil | Mayorista y distribuidor de diet\u00e9tica y parafarmacia","description":"Informaci\u00f3n adicional y detallada sobre el uso de sus datos de car\u00e1cter personal","robots":{"index":"index","follow":"follow","max-snippet":"max-snippet:-1","max-image-preview":"max-image-preview:large","max-video-preview":"max-video-preview:-1"},"canonical":"https:\/\/jahisil.es\/en\/aviso-legal\/","og_locale":"en_GB","og_type":"article","og_title":"Aviso Legal - Jahisil | Mayorista y distribuidor de diet\u00e9tica y parafarmacia","og_description":"Informaci\u00f3n adicional y detallada sobre el uso de sus datos de car\u00e1cter personal","og_url":"https:\/\/jahisil.es\/en\/aviso-legal\/","og_site_name":"Jahisil","article_publisher":"https:\/\/www.facebook.com\/jahisilzaradiet","article_modified_time":"2019-06-14T10:07:40+00:00","twitter_card":"summary_large_image","twitter_misc":{"Estimated reading time":"4 minutes"},"schema":{"@context":"https:\/\/schema.org","@graph":[{"@type":"WebPage","@id":"https:\/\/jahisil.es\/aviso-legal\/","url":"https:\/\/jahisil.es\/aviso-legal\/","name":"Aviso Legal - Jahisil | Mayorista y distribuidor de diet\u00e9tica y parafarmacia","isPartOf":{"@id":"https:\/\/jahisil.es\/#website"},"datePublished":"2019-06-12T09:12:15+00:00","dateModified":"2019-06-14T10:07:40+00:00","description":"Informaci\u00f3n adicional y detallada sobre el uso de sus datos de car\u00e1cter personal","breadcrumb":{"@id":"https:\/\/jahisil.es\/aviso-legal\/#breadcrumb"},"inLanguage":"en-GB","potentialAction":[{"@type":"ReadAction","target":["https:\/\/jahisil.es\/aviso-legal\/"]}]},{"@type":"BreadcrumbList","@id":"https:\/\/jahisil.es\/aviso-legal\/#breadcrumb","itemListElement":[{"@type":"ListItem","position":1,"name":"Portada","item":"https:\/\/jahisil.es\/"},{"@type":"ListItem","position":2,"name":"Aviso Legal"}]},{"@type":"WebSite","@id":"https:\/\/jahisil.es\/#website","url":"https:\/\/jahisil.es\/","name":"Jahisil","description":"Especialistas en cuidarte","publisher":{"@id":"https:\/\/jahisil.es\/#organization"},"potentialAction":[{"@type":"SearchAction","target":{"@type":"EntryPoint","urlTemplate":"https:\/\/jahisil.es\/?s={search_term_string}"},"query-input":{"@type":"PropertyValueSpecification","valueRequired":true,"valueName":"search_term_string"}}],"inLanguage":"en-GB"},{"@type":"Organization","@id":"https:\/\/jahisil.es\/#organization","name":"Jahisil","url":"https:\/\/jahisil.es\/","logo":{"@type":"ImageObject","inLanguage":"en-GB","@id":"https:\/\/jahisil.es\/#\/schema\/logo\/image\/","url":"https:\/\/jahisil.es\/wp-content\/uploads\/2024\/09\/cropped-jahisil-logo-52px-con-transparencia.png","contentUrl":"https:\/\/jahisil.es\/wp-content\/uploads\/2024\/09\/cropped-jahisil-logo-52px-con-transparencia.png","width":190,"height":51,"caption":"Jahisil"},"image":{"@id":"https:\/\/jahisil.es\/#\/schema\/logo\/image\/"},"sameAs":["https:\/\/www.facebook.com\/jahisilzaradiet","https:\/\/es.linkedin.com\/company\/jahisil"]}]}},"_links":{"self":[{"href":"https:\/\/jahisil.es\/en\/wp-json\/wp\/v2\/pages\/644","targetHints":{"allow":["GET"]}}],"collection":[{"href":"https:\/\/jahisil.es\/en\/wp-json\/wp\/v2\/pages"}],"about":[{"href":"https:\/\/jahisil.es\/en\/wp-json\/wp\/v2\/types\/page"}],"author":[{"embeddable":true,"href":"https:\/\/jahisil.es\/en\/wp-json\/wp\/v2\/users\/1"}],"replies":[{"embeddable":true,"href":"https:\/\/jahisil.es\/en\/wp-json\/wp\/v2\/comments?post=644"}],"version-history":[{"count":5,"href":"https:\/\/jahisil.es\/en\/wp-json\/wp\/v2\/pages\/644\/revisions"}],"predecessor-version":[{"id":668,"href":"https:\/\/jahisil.es\/en\/wp-json\/wp\/v2\/pages\/644\/revisions\/668"}],"wp:attachment":[{"href":"https:\/\/jahisil.es\/en\/wp-json\/wp\/v2\/media?parent=644"}],"curies":[{"name":"wp","href":"https:\/\/api.w.org\/{rel}","templated":true}]}}