{"id":636,"date":"2019-06-12T09:07:19","date_gmt":"2019-06-12T09:07:19","guid":{"rendered":"https:\/\/jahisil.es\/?page_id=636"},"modified":"2019-06-14T10:11:56","modified_gmt":"2019-06-14T10:11:56","slug":"politica-de-privacidad","status":"publish","type":"page","link":"https:\/\/jahisil.es\/en\/politica-de-privacidad\/","title":{"rendered":"Pol\u00edtica de privacidad"},"content":{"rendered":"<div data-elementor-type=\"wp-post\" data-elementor-id=\"636\" class=\"elementor elementor-636 elementor-bc-flex-widget\">\n\t\t\t\t\t\t<section class=\"has_eae_slider elementor-section elementor-top-section elementor-element elementor-element-9761cc elementor-section-full_width elementor-section-height-default elementor-section-height-default\" data-eae-slider=\"40593\" data-id=\"9761cc\" data-element_type=\"section\" data-e-type=\"section\" data-settings=\"{&quot;background_background&quot;:&quot;classic&quot;}\">\n\t\t\t\t\t\t<div class=\"elementor-container elementor-column-gap-default\">\n\t\t\t\t\t<div class=\"has_eae_slider elementor-column elementor-col-100 elementor-top-column elementor-element elementor-element-6d3951df\" data-eae-slider=\"47416\" data-id=\"6d3951df\" data-element_type=\"column\" data-e-type=\"column\">\n\t\t\t<div class=\"elementor-widget-wrap elementor-element-populated\">\n\t\t\t\t\t\t<div class=\"elementor-element elementor-element-60c82c58 elementor-widget elementor-widget-heading\" data-id=\"60c82c58\" data-element_type=\"widget\" data-e-type=\"widget\" data-widget_type=\"heading.default\">\n\t\t\t\t<div class=\"elementor-widget-container\">\n\t\t\t\t\t<h1 class=\"elementor-heading-title elementor-size-default\">Pol\u00edtica de privacidad<\/h1>\t\t\t\t<\/div>\n\t\t\t\t<\/div>\n\t\t\t\t\t<\/div>\n\t\t<\/div>\n\t\t\t\t\t<\/div>\n\t\t<\/section>\n\t\t\t\t<section class=\"has_eae_slider elementor-section elementor-top-section elementor-element elementor-element-20239c elementor-section-boxed elementor-section-height-default elementor-section-height-default\" data-eae-slider=\"23845\" data-id=\"20239c\" data-element_type=\"section\" data-e-type=\"section\">\n\t\t\t\t\t\t<div class=\"elementor-container elementor-column-gap-default\">\n\t\t\t\t\t<div class=\"has_eae_slider elementor-column elementor-col-100 elementor-top-column elementor-element elementor-element-2bb49bf1\" data-eae-slider=\"87222\" data-id=\"2bb49bf1\" data-element_type=\"column\" data-e-type=\"column\">\n\t\t\t<div class=\"elementor-widget-wrap elementor-element-populated\">\n\t\t\t\t\t\t<div class=\"elementor-element elementor-element-4da2d111 text_politicas elementor-widget elementor-widget-text-editor\" data-id=\"4da2d111\" data-element_type=\"widget\" data-e-type=\"widget\" data-widget_type=\"text-editor.default\">\n\t\t\t\t<div class=\"elementor-widget-container\">\n\t\t\t\t\t\t\t\t\t<h5 style=\"text-align: center;\"><span style=\"color: #333333;\"><strong>Informaci\u00f3n adicional al interesado sobre tratamientos de datos personales datos identificativos del propietario de la p\u00e1gina web:<\/strong><\/span><\/h5><p>Los datos del propietario de la p\u00e1gina web est\u00e1n identificados en el inicio del AVISO LEGAL.<\/p><h3>Finalidad<\/h3><p>La existencia de tratamientos de sus datos personales (recogida, registro, organizaci\u00f3n, estructuraci\u00f3n, conservaci\u00f3n, adaptaci\u00f3n o modificaci\u00f3n, extracci\u00f3n, consulta, utilizaci\u00f3n, comunicaci\u00f3n por trasmisi\u00f3n, difusi\u00f3n o cualquier otra forma de habilitaci\u00f3n de acceso, cotejo o interconexi\u00f3n, limitaci\u00f3n, supresi\u00f3n o destrucci\u00f3n), tiene la finalidad de proporcionar la informaci\u00f3n solicitada y realizar las gestiones oportunas para tramitar el trabajo o servicio posteriormente encomendado.<\/p><p>Tambi\u00e9n autoriza al Responsable del tratamiento, a enviarle informaci\u00f3n comercial sobre productos y\/o servicios relacionados con la actividad del Responsable, ofreci\u00e9ndosele en cada comunicaci\u00f3n la posibilidad de cancelar posteriores comunicaciones.<\/p><p>La aportaci\u00f3n de sus datos personales es necesaria para la encomienda del servicio encargado, no pudiendo realizarlo en caso de no aportar los datos personales solicitados. El plazo durante el que se mantengan sus datos personales, ser\u00e1 el necesario para finalizar las gestiones encomendadas, por propio beneficio del interesado o aquel plazo que alguna Ley obligar\u00e1 a mantenerlo. Los datos ser\u00e1n recogidos exclusivamente para la finalidad determinada y no ser\u00e1n tratados ulteriormente de manera incompatible con dichos fines. Si se proyectara un tratamiento ulterior para un fin que no sea aquel para el que se recogieron, se proporcionar\u00e1 al interesado, con anterioridad a dicho tratamiento ulterior, informaci\u00f3n de ese otro fin y cualquier informaci\u00f3n adicional pertinente.<\/p><h3>Legitimaci\u00f3n<\/h3><p>La base jur\u00eddica en la que se basa el tratamiento es el consentimiento del interesado, mediante el clickeo de la pesta\u00f1a \u201cENVIAR\u201d incorporado en el formulario. (O bien mediante la firma de documento f\u00edsico con la informaci\u00f3n b\u00e1sica de consentimiento expreso para el uso de datos personales).<\/p><h3>Destinatarios<\/h3><p>No se ceder\u00e1n datos a terceros salvo obligaci\u00f3n legal o necesidad para poder proporcionar al interesado, el trabajo o servicio solicitado (por ejemplo, asesor\u00eda fiscal o contable para tramitar la documentaci\u00f3n ante la Administraci\u00f3n) o servicios de seguridad en el mantenimiento de la informaci\u00f3n (ejemplo contratar alojamiento de los datos en servidores externos).<\/p><p>En todo caso los cesionarios deber\u00e1n adoptar todas las medidas de seguridad necesarias, de conformidad con lo establecido en el art\u00edculo 32 del RGPD, quedando reflejados sus compromisos en la firma de un contrato. En caso de que el interesado no admitiera estas cesiones podr\u00e1 en cualquier momento solicitar la revocaci\u00f3n del consentimiento.<\/p><p>Plazo de mantenimiento de los datos: el plazo ser\u00e1 hasta que el interesado revoque el consentimiento, o bien el Responsable del tratamiento, decida la paralizaci\u00f3n de las comunicaciones, comprometi\u00e9ndose a destruir en ese momento los datos del interesado.<\/p><p>No se trasmitir\u00e1n datos personales a ning\u00fan tercer pa\u00eds u organizaci\u00f3n internacional.<\/p><p>Si el responsable aporta garant\u00edas adecuadas o apropiadas, se informar\u00e1 al interesado de las mismas y de los medios para obtener una copia de estas. (C\u00f3digo de conducta, certificaciones etc).<\/p><h3>Derechos<\/h3><p>Cualquier persona tiene derecho a obtener confirmaci\u00f3n sobre si el Responsable del tratamiento, est\u00e1 tratando datos personales que le conciernan.<\/p><p>Los interesados tienen derecho a acceder a sus datos personales, as\u00ed como a solicitar la rectificaci\u00f3n de los datos inexactos, o, en su caso, solicitar su supresi\u00f3n cuando, entre otros motivos los datos ya no sean necesarios para los fines que fueron recogidos.<\/p><p>Plazo de mantenimiento de los datos: el plazo ser\u00e1 hasta que el interesado revoque el consentimiento, o bien el Responsable del tratamiento decida la paralizaci\u00f3n de las comunicaciones, comprometi\u00e9ndose a destruir en ese momento los datos del interesado<\/p><p>En determinadas circunstancias los interesados podr\u00e1n solicitar la limitaci\u00f3n de sus datos, en cuyo caso \u00fanicamente se conservar\u00e1n para el ejercicio o la defensa de reclamaciones.<\/p><p>Los interesados tambi\u00e9n podr\u00e1n oponerse al tratamiento de sus datos, dejando el Responsable del tratamiento de tratarlos, salvo por motivos leg\u00edtimos imperiosos, o el ejercicio o la defensa de posibles reclamaciones. El Responsable del tratamiento tendr\u00e1 a disposici\u00f3n del interesado los correspondientes modelos y\/o formularios para ejercer sus derechos, dirigi\u00e9ndose por direcci\u00f3n postal o electr\u00f3nica a las direcciones proporcionadas por el Responsable.<\/p><p>El interesado tambi\u00e9n tiene derecho a presentar reclamaciones ante la autoridad de control (Agencia Espa\u00f1ola de Protecci\u00f3n de Datos)<\/p><h3>Env\u00edo y Registro de datos de car\u00e1cter personal<\/h3><p>El env\u00edo de datos de car\u00e1cter personal es obligatorio para contactar y recibir informaci\u00f3n sobre los servicios prestados por el propietario de la p\u00e1gina web. Asimismo, el no facilitar los datos personales solicitados o el no aceptar la presente pol\u00edtica de protecci\u00f3n de datos supone la imposibilidad de suscribirse, registrarse o recibir informaci\u00f3n de dichos servicios.<\/p><h3>Exactitud y veracidad de los datos facilitados<\/h3><p>El Interesado que env\u00eda la informaci\u00f3n al propietario de la p\u00e1gina web es el \u00fanico responsable de la veracidad y correcci\u00f3n de los datos incluidos, exoner\u00e1ndose el propietario de la p\u00e1gina web, de cualquier responsabilidad al respecto.<\/p><p>Los interesados garantizan y responden, en cualquier caso, de la exactitud, vigencia y autenticidad de los datos personales facilitados, y se comprometen a mantenerlos debidamente actualizados.<\/p><p>El Interesado acepta proporcionar informaci\u00f3n completa y correcta en el formulario de registro o suscripci\u00f3n.<\/p><h4>CAMBIOS EN LA PRESENTE POL\u00cdTICA DE PRIVACIDAD.<\/h4><p>El propietario de la p\u00e1gina web, se reserva el derecho a modificar la presente pol\u00edtica para adaptarla a novedades legislativas o jurisprudenciales as\u00ed como a pr\u00e1cticas del mercado. En dichos supuestos, el propietario de la p\u00e1gina web anunciar\u00e1 en esta p\u00e1gina los cambios introducidos con razonable antelaci\u00f3n a su puesta en pr\u00e1ctica.<\/p>\t\t\t\t\t\t\t\t<\/div>\n\t\t\t\t<\/div>\n\t\t\t\t\t<\/div>\n\t\t<\/div>\n\t\t\t\t\t<\/div>\n\t\t<\/section>\n\t\t\t\t<\/div>","protected":false},"excerpt":{"rendered":"<p>Pol\u00edtica de privacidad Informaci\u00f3n adicional al interesado sobre tratamientos de datos personales datos identificativos del propietario de la p\u00e1gina web: Los datos del propietario de la p\u00e1gina web est\u00e1n identificados en el inicio del AVISO LEGAL. Finalidad La existencia de tratamientos de sus datos personales (recogida, registro, organizaci\u00f3n, estructuraci\u00f3n, conservaci\u00f3n, adaptaci\u00f3n o modificaci\u00f3n, extracci\u00f3n, consulta, [&hellip;]<\/p>","protected":false},"author":1,"featured_media":0,"parent":0,"menu_order":0,"comment_status":"closed","ping_status":"closed","template":"","meta":{"site-sidebar-layout":"no-sidebar","site-content-layout":"page-builder","ast-site-content-layout":"","site-content-style":"default","site-sidebar-style":"default","ast-global-header-display":"","ast-banner-title-visibility":"","ast-main-header-display":"","ast-hfb-above-header-display":"","ast-hfb-below-header-display":"","ast-hfb-mobile-header-display":"","site-post-title":"disabled","ast-breadcrumbs-content":"","ast-featured-img":"disabled","footer-sml-layout":"","theme-transparent-header-meta":"","adv-header-id-meta":"","stick-header-meta":"","header-above-stick-meta":"","header-main-stick-meta":"","header-below-stick-meta":"","astra-migrate-meta-layouts":"default","ast-page-background-enabled":"default","ast-page-background-meta":{"desktop":{"background-color":"","background-image":"","background-repeat":"repeat","background-position":"center center","background-size":"auto","background-attachment":"scroll","background-type":"","background-media":"","overlay-type":"","overlay-color":"","overlay-opacity":"","overlay-gradient":""},"tablet":{"background-color":"","background-image":"","background-repeat":"repeat","background-position":"center center","background-size":"auto","background-attachment":"scroll","background-type":"","background-media":"","overlay-type":"","overlay-color":"","overlay-opacity":"","overlay-gradient":""},"mobile":{"background-color":"","background-image":"","background-repeat":"repeat","background-position":"center center","background-size":"auto","background-attachment":"scroll","background-type":"","background-media":"","overlay-type":"","overlay-color":"","overlay-opacity":"","overlay-gradient":""}},"ast-content-background-meta":{"desktop":{"background-color":"var(--ast-global-color-5)","background-image":"","background-repeat":"repeat","background-position":"center center","background-size":"auto","background-attachment":"scroll","background-type":"","background-media":"","overlay-type":"","overlay-color":"","overlay-opacity":"","overlay-gradient":""},"tablet":{"background-color":"var(--ast-global-color-5)","background-image":"","background-repeat":"repeat","background-position":"center center","background-size":"auto","background-attachment":"scroll","background-type":"","background-media":"","overlay-type":"","overlay-color":"","overlay-opacity":"","overlay-gradient":""},"mobile":{"background-color":"var(--ast-global-color-5)","background-image":"","background-repeat":"repeat","background-position":"center center","background-size":"auto","background-attachment":"scroll","background-type":"","background-media":"","overlay-type":"","overlay-color":"","overlay-opacity":"","overlay-gradient":""}},"footnotes":""},"class_list":["post-636","page","type-page","status-publish","hentry"],"yoast_head":"<!-- This site is optimized with the Yoast SEO plugin v27.4 - https:\/\/yoast.com\/product\/yoast-seo-wordpress\/ -->\n<title>Pol\u00edtica de privacidad - Jahisil | Diet\u00e9tica y parafarmacia<\/title>\n<meta name=\"description\" content=\"Informaci\u00f3n adicional al interesado sobre tratamientos de datos personales datos identificativos del propietario de la p\u00e1gina web.\" \/>\n<meta name=\"robots\" content=\"index, follow, max-snippet:-1, max-image-preview:large, max-video-preview:-1\" \/>\n<link rel=\"canonical\" href=\"https:\/\/jahisil.es\/en\/politica-de-privacidad\/\" \/>\n<meta property=\"og:locale\" content=\"en_GB\" \/>\n<meta property=\"og:type\" content=\"article\" \/>\n<meta property=\"og:title\" content=\"Pol\u00edtica de privacidad - Jahisil | Diet\u00e9tica y parafarmacia\" \/>\n<meta property=\"og:description\" content=\"Informaci\u00f3n adicional al interesado sobre tratamientos de datos personales datos identificativos del propietario de la p\u00e1gina web.\" \/>\n<meta property=\"og:url\" content=\"https:\/\/jahisil.es\/en\/politica-de-privacidad\/\" \/>\n<meta property=\"og:site_name\" content=\"Jahisil\" \/>\n<meta property=\"article:publisher\" content=\"https:\/\/www.facebook.com\/jahisilzaradiet\" \/>\n<meta property=\"article:modified_time\" content=\"2019-06-14T10:11:56+00:00\" \/>\n<meta name=\"twitter:card\" content=\"summary_large_image\" \/>\n<meta name=\"twitter:label1\" content=\"Estimated reading time\" \/>\n\t<meta name=\"twitter:data1\" content=\"5 minutes\" \/>\n<script type=\"application\/ld+json\" class=\"yoast-schema-graph\">{\"@context\":\"https:\\\/\\\/schema.org\",\"@graph\":[{\"@type\":\"WebPage\",\"@id\":\"https:\\\/\\\/jahisil.es\\\/politica-de-privacidad\\\/\",\"url\":\"https:\\\/\\\/jahisil.es\\\/politica-de-privacidad\\\/\",\"name\":\"Pol\u00edtica de privacidad - Jahisil | Diet\u00e9tica y parafarmacia\",\"isPartOf\":{\"@id\":\"https:\\\/\\\/jahisil.es\\\/#website\"},\"datePublished\":\"2019-06-12T09:07:19+00:00\",\"dateModified\":\"2019-06-14T10:11:56+00:00\",\"description\":\"Informaci\u00f3n adicional al interesado sobre tratamientos de datos personales datos identificativos del propietario de la p\u00e1gina web.\",\"breadcrumb\":{\"@id\":\"https:\\\/\\\/jahisil.es\\\/politica-de-privacidad\\\/#breadcrumb\"},\"inLanguage\":\"en-GB\",\"potentialAction\":[{\"@type\":\"ReadAction\",\"target\":[\"https:\\\/\\\/jahisil.es\\\/politica-de-privacidad\\\/\"]}]},{\"@type\":\"BreadcrumbList\",\"@id\":\"https:\\\/\\\/jahisil.es\\\/politica-de-privacidad\\\/#breadcrumb\",\"itemListElement\":[{\"@type\":\"ListItem\",\"position\":1,\"name\":\"Portada\",\"item\":\"https:\\\/\\\/jahisil.es\\\/\"},{\"@type\":\"ListItem\",\"position\":2,\"name\":\"Pol\u00edtica de privacidad\"}]},{\"@type\":\"WebSite\",\"@id\":\"https:\\\/\\\/jahisil.es\\\/#website\",\"url\":\"https:\\\/\\\/jahisil.es\\\/\",\"name\":\"Jahisil\",\"description\":\"Especialistas en cuidarte\",\"publisher\":{\"@id\":\"https:\\\/\\\/jahisil.es\\\/#organization\"},\"potentialAction\":[{\"@type\":\"SearchAction\",\"target\":{\"@type\":\"EntryPoint\",\"urlTemplate\":\"https:\\\/\\\/jahisil.es\\\/?s={search_term_string}\"},\"query-input\":{\"@type\":\"PropertyValueSpecification\",\"valueRequired\":true,\"valueName\":\"search_term_string\"}}],\"inLanguage\":\"en-GB\"},{\"@type\":\"Organization\",\"@id\":\"https:\\\/\\\/jahisil.es\\\/#organization\",\"name\":\"Jahisil\",\"url\":\"https:\\\/\\\/jahisil.es\\\/\",\"logo\":{\"@type\":\"ImageObject\",\"inLanguage\":\"en-GB\",\"@id\":\"https:\\\/\\\/jahisil.es\\\/#\\\/schema\\\/logo\\\/image\\\/\",\"url\":\"https:\\\/\\\/jahisil.es\\\/wp-content\\\/uploads\\\/2024\\\/09\\\/cropped-jahisil-logo-52px-con-transparencia.png\",\"contentUrl\":\"https:\\\/\\\/jahisil.es\\\/wp-content\\\/uploads\\\/2024\\\/09\\\/cropped-jahisil-logo-52px-con-transparencia.png\",\"width\":190,\"height\":51,\"caption\":\"Jahisil\"},\"image\":{\"@id\":\"https:\\\/\\\/jahisil.es\\\/#\\\/schema\\\/logo\\\/image\\\/\"},\"sameAs\":[\"https:\\\/\\\/www.facebook.com\\\/jahisilzaradiet\",\"https:\\\/\\\/es.linkedin.com\\\/company\\\/jahisil\"]}]}<\/script>\n<!-- \/ Yoast SEO plugin. -->","yoast_head_json":{"title":"Pol\u00edtica de privacidad - Jahisil | Diet\u00e9tica y parafarmacia","description":"Informaci\u00f3n adicional al interesado sobre tratamientos de datos personales datos identificativos del propietario de la p\u00e1gina web.","robots":{"index":"index","follow":"follow","max-snippet":"max-snippet:-1","max-image-preview":"max-image-preview:large","max-video-preview":"max-video-preview:-1"},"canonical":"https:\/\/jahisil.es\/en\/politica-de-privacidad\/","og_locale":"en_GB","og_type":"article","og_title":"Pol\u00edtica de privacidad - Jahisil | Diet\u00e9tica y parafarmacia","og_description":"Informaci\u00f3n adicional al interesado sobre tratamientos de datos personales datos identificativos del propietario de la p\u00e1gina web.","og_url":"https:\/\/jahisil.es\/en\/politica-de-privacidad\/","og_site_name":"Jahisil","article_publisher":"https:\/\/www.facebook.com\/jahisilzaradiet","article_modified_time":"2019-06-14T10:11:56+00:00","twitter_card":"summary_large_image","twitter_misc":{"Estimated reading time":"5 minutes"},"schema":{"@context":"https:\/\/schema.org","@graph":[{"@type":"WebPage","@id":"https:\/\/jahisil.es\/politica-de-privacidad\/","url":"https:\/\/jahisil.es\/politica-de-privacidad\/","name":"Pol\u00edtica de privacidad - Jahisil | Diet\u00e9tica y parafarmacia","isPartOf":{"@id":"https:\/\/jahisil.es\/#website"},"datePublished":"2019-06-12T09:07:19+00:00","dateModified":"2019-06-14T10:11:56+00:00","description":"Informaci\u00f3n adicional al interesado sobre tratamientos de datos personales datos identificativos del propietario de la p\u00e1gina web.","breadcrumb":{"@id":"https:\/\/jahisil.es\/politica-de-privacidad\/#breadcrumb"},"inLanguage":"en-GB","potentialAction":[{"@type":"ReadAction","target":["https:\/\/jahisil.es\/politica-de-privacidad\/"]}]},{"@type":"BreadcrumbList","@id":"https:\/\/jahisil.es\/politica-de-privacidad\/#breadcrumb","itemListElement":[{"@type":"ListItem","position":1,"name":"Portada","item":"https:\/\/jahisil.es\/"},{"@type":"ListItem","position":2,"name":"Pol\u00edtica de privacidad"}]},{"@type":"WebSite","@id":"https:\/\/jahisil.es\/#website","url":"https:\/\/jahisil.es\/","name":"Jahisil","description":"Especialistas en cuidarte","publisher":{"@id":"https:\/\/jahisil.es\/#organization"},"potentialAction":[{"@type":"SearchAction","target":{"@type":"EntryPoint","urlTemplate":"https:\/\/jahisil.es\/?s={search_term_string}"},"query-input":{"@type":"PropertyValueSpecification","valueRequired":true,"valueName":"search_term_string"}}],"inLanguage":"en-GB"},{"@type":"Organization","@id":"https:\/\/jahisil.es\/#organization","name":"Jahisil","url":"https:\/\/jahisil.es\/","logo":{"@type":"ImageObject","inLanguage":"en-GB","@id":"https:\/\/jahisil.es\/#\/schema\/logo\/image\/","url":"https:\/\/jahisil.es\/wp-content\/uploads\/2024\/09\/cropped-jahisil-logo-52px-con-transparencia.png","contentUrl":"https:\/\/jahisil.es\/wp-content\/uploads\/2024\/09\/cropped-jahisil-logo-52px-con-transparencia.png","width":190,"height":51,"caption":"Jahisil"},"image":{"@id":"https:\/\/jahisil.es\/#\/schema\/logo\/image\/"},"sameAs":["https:\/\/www.facebook.com\/jahisilzaradiet","https:\/\/es.linkedin.com\/company\/jahisil"]}]}},"_links":{"self":[{"href":"https:\/\/jahisil.es\/en\/wp-json\/wp\/v2\/pages\/636","targetHints":{"allow":["GET"]}}],"collection":[{"href":"https:\/\/jahisil.es\/en\/wp-json\/wp\/v2\/pages"}],"about":[{"href":"https:\/\/jahisil.es\/en\/wp-json\/wp\/v2\/types\/page"}],"author":[{"embeddable":true,"href":"https:\/\/jahisil.es\/en\/wp-json\/wp\/v2\/users\/1"}],"replies":[{"embeddable":true,"href":"https:\/\/jahisil.es\/en\/wp-json\/wp\/v2\/comments?post=636"}],"version-history":[{"count":10,"href":"https:\/\/jahisil.es\/en\/wp-json\/wp\/v2\/pages\/636\/revisions"}],"predecessor-version":[{"id":675,"href":"https:\/\/jahisil.es\/en\/wp-json\/wp\/v2\/pages\/636\/revisions\/675"}],"wp:attachment":[{"href":"https:\/\/jahisil.es\/en\/wp-json\/wp\/v2\/media?parent=636"}],"curies":[{"name":"wp","href":"https:\/\/api.w.org\/{rel}","templated":true}]}}