{"id":613,"date":"2019-06-12T08:45:38","date_gmt":"2019-06-12T08:45:38","guid":{"rendered":"https:\/\/jahisil.es\/?page_id=613"},"modified":"2019-06-14T10:17:36","modified_gmt":"2019-06-14T10:17:36","slug":"politica-de-cookies","status":"publish","type":"page","link":"https:\/\/jahisil.es\/en\/politica-de-cookies\/","title":{"rendered":"Pol\u00edtica de Cookies"},"content":{"rendered":"<div data-elementor-type=\"wp-page\" data-elementor-id=\"613\" class=\"elementor elementor-613 elementor-bc-flex-widget\">\n\t\t\t\t\t\t<section class=\"has_eae_slider elementor-section elementor-top-section elementor-element elementor-element-d7364f7 elementor-section-full_width elementor-section-height-default elementor-section-height-default\" data-eae-slider=\"98423\" data-id=\"d7364f7\" data-element_type=\"section\" data-e-type=\"section\" data-settings=\"{&quot;background_background&quot;:&quot;classic&quot;}\">\n\t\t\t\t\t\t<div class=\"elementor-container elementor-column-gap-default\">\n\t\t\t\t\t<div class=\"has_eae_slider elementor-column elementor-col-100 elementor-top-column elementor-element elementor-element-68d1ce1\" data-eae-slider=\"95555\" data-id=\"68d1ce1\" data-element_type=\"column\" data-e-type=\"column\">\n\t\t\t<div class=\"elementor-widget-wrap elementor-element-populated\">\n\t\t\t\t\t\t<div class=\"elementor-element elementor-element-887a231 elementor-widget elementor-widget-heading\" data-id=\"887a231\" data-element_type=\"widget\" data-e-type=\"widget\" data-widget_type=\"heading.default\">\n\t\t\t\t<div class=\"elementor-widget-container\">\n\t\t\t\t\t<h1 class=\"elementor-heading-title elementor-size-default\">Pol\u00edtica de Cookies<\/h1>\t\t\t\t<\/div>\n\t\t\t\t<\/div>\n\t\t\t\t\t<\/div>\n\t\t<\/div>\n\t\t\t\t\t<\/div>\n\t\t<\/section>\n\t\t\t\t<section class=\"has_eae_slider elementor-section elementor-top-section elementor-element elementor-element-66afcec elementor-section-boxed elementor-section-height-default elementor-section-height-default\" data-eae-slider=\"77906\" data-id=\"66afcec\" data-element_type=\"section\" data-e-type=\"section\">\n\t\t\t\t\t\t<div class=\"elementor-container elementor-column-gap-default\">\n\t\t\t\t\t<div class=\"has_eae_slider elementor-column elementor-col-100 elementor-top-column elementor-element elementor-element-6f848ad\" data-eae-slider=\"60979\" data-id=\"6f848ad\" data-element_type=\"column\" data-e-type=\"column\">\n\t\t\t<div class=\"elementor-widget-wrap elementor-element-populated\">\n\t\t\t\t\t\t<div class=\"elementor-element elementor-element-27e489a text_politicas elementor-widget elementor-widget-text-editor\" data-id=\"27e489a\" data-element_type=\"widget\" data-e-type=\"widget\" data-widget_type=\"text-editor.default\">\n\t\t\t\t<div class=\"elementor-widget-container\">\n\t\t\t\t\t\t\t\t\t<h3>Definici\u00f3n<\/h3><p>El propietario de la p\u00e1gina web, a trav\u00e9s del presente documento, informa sobre su Pol\u00edtica de recogida y tratamiento de cookies, en cumplimiento de lo dispuesto en el art\u00edculo 22.2 de la Ley 34\/2002, de 11 de julio, de Servicios de la Sociedad de la Informaci\u00f3n y de Comercio Electr\u00f3nico (LSSICE).<\/p><p>Una cookie es un peque\u00f1o fichero con informaci\u00f3n enviada por un sitio web y almacenada en el navegador del usuario, de manera que el sitio web puede consultar la actividad previa del usuario.<\/p><p>Las cookies se almacenan en el equipo terminal del usuario (ordenador o dispositivo m\u00f3vil) y recopilan informaci\u00f3n al visitar la p\u00e1gina web, con la finalidad de mejorar la usabilidad de las mismas, conocer los h\u00e1bitos o necesidades de navegaci\u00f3n de los usuarios para poder adaptarse a los mismos, as\u00ed como obtener informaci\u00f3n con fines estad\u00edsticos.<\/p><p>En el caso de aquellos usuarios que ya sean clientes del propietario de la p\u00e1gina web, la informaci\u00f3n recabada con las cookies servir\u00e1 tambi\u00e9n para su identificaci\u00f3n al acceder a las distintas herramientas que el propietario de la p\u00e1gina web pone a su disposici\u00f3n para la gesti\u00f3n de los servicios.<\/p><p>La presente Pol\u00edtica de Cookies ser\u00e1 de aplicaci\u00f3n a aquellos usuarios que voluntariamente visitan las p\u00e1ginas web del propietario de la p\u00e1gina web, cumplimentan formularios de recogida de datos, acceden a las herramientas que el propietario de la pagina web pone a disposici\u00f3n de sus clientes para gestionar sus servicios, o utilizan cualquier otro servicio presente en el sitio web que implique la comunicaci\u00f3n de datos al propietario de la pagina web, o el acceso a datos por el propietario de la pagina web para la prestaci\u00f3n de sus servicios.<\/p><p>El propietario de la p\u00e1gina web, informa a los usuarios de sus p\u00e1ginas web, de la existencia de cookies y pone a su disposici\u00f3n la presente Pol\u00edtica con la finalidad de informarles acerca del uso y del objeto de las mismas. El hecho de continuar la navegaci\u00f3n a trav\u00e9s de sus p\u00e1ginas, supone el conocimiento y la aceptaci\u00f3n de la presente Pol\u00edtica por parte de dichos usuarios<\/p><h3>Tipos de cookies<\/h3><p>El propietario de la p\u00e1gina web, utiliza los siguientes tipos de cookies:<\/p><h4><strong>Clasificadas por su titularidad:<\/strong><\/h4><ul><li><strong>Cookies propias:<\/strong> enviadas y gestionadas directamente por el propietario de la pagina web<\/li><li><strong>Cookies de terceros:<\/strong> enviadas y gestionadas por un tercero ajeno al propietario de la pagina web, de forma an\u00f3nima, con la finalidad de realizar estudios estad\u00edsticos de navegaci\u00f3n por las p\u00e1ginas web del propietario de la pagina web<\/li><\/ul><h4><strong>Clasificadas por su finalidad:<\/strong><\/h4><ul><li><strong>Cookies t\u00e9cnicas y\/o de personalizaci\u00f3n:<\/strong> facilitan la navegaci\u00f3n, al identificar la sesi\u00f3n, permitir el acceso a herramientas de acceso restringido, adem\u00e1s de configurar a medida las opciones disponibles. Posibilitan la prestaci\u00f3n del servicio solicitado previamente por el usuario.<\/li><li><strong>Cookies de an\u00e1lisis y\/o publicidad:<\/strong> permiten conocer el n\u00famero de visitas recibidas en las diferentes secciones de las p\u00e1ginas web, los h\u00e1bitos y tendencias de sus usuarios y en consecuencia, poder mejorar la navegaci\u00f3n y el servicio ofrecido por el propietario de la pagina web (fundamentalmente, Google Analytics), as\u00ed como gestionar los espacios publicitarios incluidos en la p\u00e1gina web visitada por el usuario. Recopila datos de forma an\u00f3nima con la finalidad de obtener perfiles de navegaci\u00f3n de los usuarios.<\/li><\/ul><h4><strong>Clasificadas por su duraci\u00f3n:<\/strong><\/h4><ul><li><strong>Cookies de sesi\u00f3n:<\/strong> recaban y almacenan los datos mientras el usuario accede a la p\u00e1gina web.<\/li><li><strong>Cookies persistentes:<\/strong> recaban y almacenan los datos en el terminal del usuario durante un periodo de tiempo variable en funci\u00f3n de cu\u00e1l sea la finalidad para la que han sido utilizadas.<\/li><\/ul><p>El tiempo de conservaci\u00f3n de las cookies depender\u00e1 del tipo de que se trate y siempre ser\u00e1 el m\u00ednimo indispensable para cumplir su finalidad.<\/p><p>En cualquier caso, los usuarios pueden configurar su navegador, de manera que se deshabilite o bloquee la recepci\u00f3n de todas o algunas de las cookies. El hecho de no desear recibir estas cookies, no constituye un impedimento para poder acceder a la informaci\u00f3n de los sitios web del propietario de la p\u00e1gina web aunque el uso de algunos servicios podr\u00e1 ser limitado. Si una vez otorgado el consentimiento para la recepci\u00f3n de cookies, se desease retirar \u00e9ste, se deber\u00e1n eliminar aquellas almacenadas en el equipo del usuario, a trav\u00e9s de las opciones de los diferentes navegadores.<\/p><p><strong>La forma de configurar los diferentes navegadores para ejercitar las acciones se\u00f1aladas en los p\u00e1rrafos anteriores, se puede consultar en:<\/strong><\/p>\t\t\t\t\t\t\t\t<\/div>\n\t\t\t\t<\/div>\n\t\t\t\t<section class=\"has_eae_slider elementor-section elementor-inner-section elementor-element elementor-element-def6302 elementor-section-boxed elementor-section-height-default elementor-section-height-default\" data-eae-slider=\"13913\" data-id=\"def6302\" data-element_type=\"section\" data-e-type=\"section\">\n\t\t\t\t\t\t<div class=\"elementor-container elementor-column-gap-default\">\n\t\t\t\t\t<div class=\"has_eae_slider elementor-column elementor-col-33 elementor-inner-column elementor-element elementor-element-d3f83cb\" data-eae-slider=\"30940\" data-id=\"d3f83cb\" data-element_type=\"column\" data-e-type=\"column\">\n\t\t\t<div class=\"elementor-widget-wrap elementor-element-populated\">\n\t\t\t\t\t\t<div class=\"elementor-element elementor-element-4b85ca8 elementor-align-center elementor-widget elementor-widget-button\" data-id=\"4b85ca8\" data-element_type=\"widget\" data-e-type=\"widget\" data-widget_type=\"button.default\">\n\t\t\t\t<div class=\"elementor-widget-container\">\n\t\t\t\t\t\t\t\t\t<div class=\"elementor-button-wrapper\">\n\t\t\t\t\t<a class=\"elementor-button elementor-button-link elementor-size-sm\" href=\"http:\/\/windows.microsoft.com\/es-es\/windows7\/how-to-manage-cookies-in-internet-explorer-9\">\n\t\t\t\t\t\t<span class=\"elementor-button-content-wrapper\">\n\t\t\t\t\t\t\t\t\t<span class=\"elementor-button-text\">Explorer<\/span>\n\t\t\t\t\t<\/span>\n\t\t\t\t\t<\/a>\n\t\t\t\t<\/div>\n\t\t\t\t\t\t\t\t<\/div>\n\t\t\t\t<\/div>\n\t\t\t\t\t<\/div>\n\t\t<\/div>\n\t\t\t\t<div class=\"has_eae_slider elementor-column elementor-col-33 elementor-inner-column elementor-element elementor-element-e27d490\" data-eae-slider=\"45932\" data-id=\"e27d490\" data-element_type=\"column\" data-e-type=\"column\">\n\t\t\t<div class=\"elementor-widget-wrap elementor-element-populated\">\n\t\t\t\t\t\t<div class=\"elementor-element elementor-element-8911716 elementor-align-center elementor-widget elementor-widget-button\" data-id=\"8911716\" data-element_type=\"widget\" data-e-type=\"widget\" data-widget_type=\"button.default\">\n\t\t\t\t<div class=\"elementor-widget-container\">\n\t\t\t\t\t\t\t\t\t<div class=\"elementor-button-wrapper\">\n\t\t\t\t\t<a class=\"elementor-button elementor-button-link elementor-size-sm\" href=\"https:\/\/support.google.com\/chrome\/answer\/95647?hl=es\">\n\t\t\t\t\t\t<span class=\"elementor-button-content-wrapper\">\n\t\t\t\t\t\t\t\t\t<span class=\"elementor-button-text\">Chrome<\/span>\n\t\t\t\t\t<\/span>\n\t\t\t\t\t<\/a>\n\t\t\t\t<\/div>\n\t\t\t\t\t\t\t\t<\/div>\n\t\t\t\t<\/div>\n\t\t\t\t\t<\/div>\n\t\t<\/div>\n\t\t\t\t<div class=\"has_eae_slider elementor-column elementor-col-33 elementor-inner-column elementor-element elementor-element-b19ffb7\" data-eae-slider=\"4052\" data-id=\"b19ffb7\" data-element_type=\"column\" data-e-type=\"column\">\n\t\t\t<div class=\"elementor-widget-wrap elementor-element-populated\">\n\t\t\t\t\t\t<div class=\"elementor-element elementor-element-a9b05c4 elementor-align-center elementor-widget elementor-widget-button\" data-id=\"a9b05c4\" data-element_type=\"widget\" data-e-type=\"widget\" data-widget_type=\"button.default\">\n\t\t\t\t<div class=\"elementor-widget-container\">\n\t\t\t\t\t\t\t\t\t<div class=\"elementor-button-wrapper\">\n\t\t\t\t\t<a class=\"elementor-button elementor-button-link elementor-size-sm\" href=\"http:\/\/support.mozilla.org\/es\/kb\/cookies-informacion-que-los-sitios-web-guardan-en-?redirectlocale=en-US&#038;redirectslug=Cookies\">\n\t\t\t\t\t\t<span class=\"elementor-button-content-wrapper\">\n\t\t\t\t\t\t\t\t\t<span class=\"elementor-button-text\">Firefox<\/span>\n\t\t\t\t\t<\/span>\n\t\t\t\t\t<\/a>\n\t\t\t\t<\/div>\n\t\t\t\t\t\t\t\t<\/div>\n\t\t\t\t<\/div>\n\t\t\t\t\t<\/div>\n\t\t<\/div>\n\t\t\t\t\t<\/div>\n\t\t<\/section>\n\t\t\t\t\t<\/div>\n\t\t<\/div>\n\t\t\t\t\t<\/div>\n\t\t<\/section>\n\t\t\t\t<\/div>","protected":false},"excerpt":{"rendered":"<p>Pol\u00edtica de Cookies Definici\u00f3n El propietario de la p\u00e1gina web, a trav\u00e9s del presente documento, informa sobre su Pol\u00edtica de recogida y tratamiento de cookies, en cumplimiento de lo dispuesto en el art\u00edculo 22.2 de la Ley 34\/2002, de 11 de julio, de Servicios de la Sociedad de la Informaci\u00f3n y de Comercio Electr\u00f3nico (LSSICE). [&hellip;]<\/p>","protected":false},"author":1,"featured_media":0,"parent":0,"menu_order":0,"comment_status":"closed","ping_status":"closed","template":"","meta":{"site-sidebar-layout":"no-sidebar","site-content-layout":"page-builder","ast-site-content-layout":"","site-content-style":"default","site-sidebar-style":"default","ast-global-header-display":"","ast-banner-title-visibility":"","ast-main-header-display":"","ast-hfb-above-header-display":"","ast-hfb-below-header-display":"","ast-hfb-mobile-header-display":"","site-post-title":"disabled","ast-breadcrumbs-content":"","ast-featured-img":"disabled","footer-sml-layout":"","theme-transparent-header-meta":"","adv-header-id-meta":"","stick-header-meta":"","header-above-stick-meta":"","header-main-stick-meta":"","header-below-stick-meta":"","astra-migrate-meta-layouts":"default","ast-page-background-enabled":"default","ast-page-background-meta":{"desktop":{"background-color":"","background-image":"","background-repeat":"repeat","background-position":"center center","background-size":"auto","background-attachment":"scroll","background-type":"","background-media":"","overlay-type":"","overlay-color":"","overlay-opacity":"","overlay-gradient":""},"tablet":{"background-color":"","background-image":"","background-repeat":"repeat","background-position":"center center","background-size":"auto","background-attachment":"scroll","background-type":"","background-media":"","overlay-type":"","overlay-color":"","overlay-opacity":"","overlay-gradient":""},"mobile":{"background-color":"","background-image":"","background-repeat":"repeat","background-position":"center center","background-size":"auto","background-attachment":"scroll","background-type":"","background-media":"","overlay-type":"","overlay-color":"","overlay-opacity":"","overlay-gradient":""}},"ast-content-background-meta":{"desktop":{"background-color":"var(--ast-global-color-5)","background-image":"","background-repeat":"repeat","background-position":"center center","background-size":"auto","background-attachment":"scroll","background-type":"","background-media":"","overlay-type":"","overlay-color":"","overlay-opacity":"","overlay-gradient":""},"tablet":{"background-color":"var(--ast-global-color-5)","background-image":"","background-repeat":"repeat","background-position":"center center","background-size":"auto","background-attachment":"scroll","background-type":"","background-media":"","overlay-type":"","overlay-color":"","overlay-opacity":"","overlay-gradient":""},"mobile":{"background-color":"var(--ast-global-color-5)","background-image":"","background-repeat":"repeat","background-position":"center center","background-size":"auto","background-attachment":"scroll","background-type":"","background-media":"","overlay-type":"","overlay-color":"","overlay-opacity":"","overlay-gradient":""}},"footnotes":""},"class_list":["post-613","page","type-page","status-publish","hentry"],"yoast_head":"<!-- This site is optimized with the Yoast SEO plugin v27.3 - https:\/\/yoast.com\/product\/yoast-seo-wordpress\/ -->\n<title>Pol\u00edtica de Cookies - Jahisil | Diet\u00e9tica y parafarmacia<\/title>\n<meta name=\"description\" content=\"Conoce la pol\u00edtica de cookies de la web corporativa de Jahisil.\" \/>\n<meta name=\"robots\" content=\"index, follow, max-snippet:-1, max-image-preview:large, max-video-preview:-1\" \/>\n<link rel=\"canonical\" href=\"https:\/\/jahisil.es\/en\/politica-de-cookies\/\" \/>\n<meta property=\"og:locale\" content=\"en_GB\" \/>\n<meta property=\"og:type\" content=\"article\" \/>\n<meta property=\"og:title\" content=\"Pol\u00edtica de Cookies - Jahisil | Diet\u00e9tica y parafarmacia\" \/>\n<meta property=\"og:description\" content=\"Conoce la pol\u00edtica de cookies de la web corporativa de Jahisil.\" \/>\n<meta property=\"og:url\" content=\"https:\/\/jahisil.es\/en\/politica-de-cookies\/\" \/>\n<meta property=\"og:site_name\" content=\"Jahisil\" \/>\n<meta property=\"article:publisher\" content=\"https:\/\/www.facebook.com\/jahisilzaradiet\" \/>\n<meta property=\"article:modified_time\" content=\"2019-06-14T10:17:36+00:00\" \/>\n<meta name=\"twitter:card\" content=\"summary_large_image\" \/>\n<meta name=\"twitter:label1\" content=\"Estimated reading time\" \/>\n\t<meta name=\"twitter:data1\" content=\"4 minutes\" \/>\n<script type=\"application\/ld+json\" class=\"yoast-schema-graph\">{\"@context\":\"https:\\\/\\\/schema.org\",\"@graph\":[{\"@type\":\"WebPage\",\"@id\":\"https:\\\/\\\/jahisil.es\\\/politica-de-cookies\\\/\",\"url\":\"https:\\\/\\\/jahisil.es\\\/politica-de-cookies\\\/\",\"name\":\"Pol\u00edtica de Cookies - Jahisil | Diet\u00e9tica y parafarmacia\",\"isPartOf\":{\"@id\":\"https:\\\/\\\/jahisil.es\\\/#website\"},\"datePublished\":\"2019-06-12T08:45:38+00:00\",\"dateModified\":\"2019-06-14T10:17:36+00:00\",\"description\":\"Conoce la pol\u00edtica de cookies de la web corporativa de Jahisil.\",\"breadcrumb\":{\"@id\":\"https:\\\/\\\/jahisil.es\\\/politica-de-cookies\\\/#breadcrumb\"},\"inLanguage\":\"en-GB\",\"potentialAction\":[{\"@type\":\"ReadAction\",\"target\":[\"https:\\\/\\\/jahisil.es\\\/politica-de-cookies\\\/\"]}]},{\"@type\":\"BreadcrumbList\",\"@id\":\"https:\\\/\\\/jahisil.es\\\/politica-de-cookies\\\/#breadcrumb\",\"itemListElement\":[{\"@type\":\"ListItem\",\"position\":1,\"name\":\"Portada\",\"item\":\"https:\\\/\\\/jahisil.es\\\/\"},{\"@type\":\"ListItem\",\"position\":2,\"name\":\"Pol\u00edtica de Cookies\"}]},{\"@type\":\"WebSite\",\"@id\":\"https:\\\/\\\/jahisil.es\\\/#website\",\"url\":\"https:\\\/\\\/jahisil.es\\\/\",\"name\":\"Jahisil\",\"description\":\"Especialistas en cuidarte\",\"publisher\":{\"@id\":\"https:\\\/\\\/jahisil.es\\\/#organization\"},\"potentialAction\":[{\"@type\":\"SearchAction\",\"target\":{\"@type\":\"EntryPoint\",\"urlTemplate\":\"https:\\\/\\\/jahisil.es\\\/?s={search_term_string}\"},\"query-input\":{\"@type\":\"PropertyValueSpecification\",\"valueRequired\":true,\"valueName\":\"search_term_string\"}}],\"inLanguage\":\"en-GB\"},{\"@type\":\"Organization\",\"@id\":\"https:\\\/\\\/jahisil.es\\\/#organization\",\"name\":\"Jahisil\",\"url\":\"https:\\\/\\\/jahisil.es\\\/\",\"logo\":{\"@type\":\"ImageObject\",\"inLanguage\":\"en-GB\",\"@id\":\"https:\\\/\\\/jahisil.es\\\/#\\\/schema\\\/logo\\\/image\\\/\",\"url\":\"https:\\\/\\\/jahisil.es\\\/wp-content\\\/uploads\\\/2024\\\/09\\\/cropped-jahisil-logo-52px-con-transparencia.png\",\"contentUrl\":\"https:\\\/\\\/jahisil.es\\\/wp-content\\\/uploads\\\/2024\\\/09\\\/cropped-jahisil-logo-52px-con-transparencia.png\",\"width\":190,\"height\":51,\"caption\":\"Jahisil\"},\"image\":{\"@id\":\"https:\\\/\\\/jahisil.es\\\/#\\\/schema\\\/logo\\\/image\\\/\"},\"sameAs\":[\"https:\\\/\\\/www.facebook.com\\\/jahisilzaradiet\",\"https:\\\/\\\/es.linkedin.com\\\/company\\\/jahisil\"]}]}<\/script>\n<!-- \/ Yoast SEO plugin. -->","yoast_head_json":{"title":"Pol\u00edtica de Cookies - Jahisil | Diet\u00e9tica y parafarmacia","description":"Conoce la pol\u00edtica de cookies de la web corporativa de Jahisil.","robots":{"index":"index","follow":"follow","max-snippet":"max-snippet:-1","max-image-preview":"max-image-preview:large","max-video-preview":"max-video-preview:-1"},"canonical":"https:\/\/jahisil.es\/en\/politica-de-cookies\/","og_locale":"en_GB","og_type":"article","og_title":"Pol\u00edtica de Cookies - Jahisil | Diet\u00e9tica y parafarmacia","og_description":"Conoce la pol\u00edtica de cookies de la web corporativa de Jahisil.","og_url":"https:\/\/jahisil.es\/en\/politica-de-cookies\/","og_site_name":"Jahisil","article_publisher":"https:\/\/www.facebook.com\/jahisilzaradiet","article_modified_time":"2019-06-14T10:17:36+00:00","twitter_card":"summary_large_image","twitter_misc":{"Estimated reading time":"4 minutes"},"schema":{"@context":"https:\/\/schema.org","@graph":[{"@type":"WebPage","@id":"https:\/\/jahisil.es\/politica-de-cookies\/","url":"https:\/\/jahisil.es\/politica-de-cookies\/","name":"Pol\u00edtica de Cookies - Jahisil | Diet\u00e9tica y parafarmacia","isPartOf":{"@id":"https:\/\/jahisil.es\/#website"},"datePublished":"2019-06-12T08:45:38+00:00","dateModified":"2019-06-14T10:17:36+00:00","description":"Conoce la pol\u00edtica de cookies de la web corporativa de Jahisil.","breadcrumb":{"@id":"https:\/\/jahisil.es\/politica-de-cookies\/#breadcrumb"},"inLanguage":"en-GB","potentialAction":[{"@type":"ReadAction","target":["https:\/\/jahisil.es\/politica-de-cookies\/"]}]},{"@type":"BreadcrumbList","@id":"https:\/\/jahisil.es\/politica-de-cookies\/#breadcrumb","itemListElement":[{"@type":"ListItem","position":1,"name":"Portada","item":"https:\/\/jahisil.es\/"},{"@type":"ListItem","position":2,"name":"Pol\u00edtica de Cookies"}]},{"@type":"WebSite","@id":"https:\/\/jahisil.es\/#website","url":"https:\/\/jahisil.es\/","name":"Jahisil","description":"Especialistas en cuidarte","publisher":{"@id":"https:\/\/jahisil.es\/#organization"},"potentialAction":[{"@type":"SearchAction","target":{"@type":"EntryPoint","urlTemplate":"https:\/\/jahisil.es\/?s={search_term_string}"},"query-input":{"@type":"PropertyValueSpecification","valueRequired":true,"valueName":"search_term_string"}}],"inLanguage":"en-GB"},{"@type":"Organization","@id":"https:\/\/jahisil.es\/#organization","name":"Jahisil","url":"https:\/\/jahisil.es\/","logo":{"@type":"ImageObject","inLanguage":"en-GB","@id":"https:\/\/jahisil.es\/#\/schema\/logo\/image\/","url":"https:\/\/jahisil.es\/wp-content\/uploads\/2024\/09\/cropped-jahisil-logo-52px-con-transparencia.png","contentUrl":"https:\/\/jahisil.es\/wp-content\/uploads\/2024\/09\/cropped-jahisil-logo-52px-con-transparencia.png","width":190,"height":51,"caption":"Jahisil"},"image":{"@id":"https:\/\/jahisil.es\/#\/schema\/logo\/image\/"},"sameAs":["https:\/\/www.facebook.com\/jahisilzaradiet","https:\/\/es.linkedin.com\/company\/jahisil"]}]}},"_links":{"self":[{"href":"https:\/\/jahisil.es\/en\/wp-json\/wp\/v2\/pages\/613","targetHints":{"allow":["GET"]}}],"collection":[{"href":"https:\/\/jahisil.es\/en\/wp-json\/wp\/v2\/pages"}],"about":[{"href":"https:\/\/jahisil.es\/en\/wp-json\/wp\/v2\/types\/page"}],"author":[{"embeddable":true,"href":"https:\/\/jahisil.es\/en\/wp-json\/wp\/v2\/users\/1"}],"replies":[{"embeddable":true,"href":"https:\/\/jahisil.es\/en\/wp-json\/wp\/v2\/comments?post=613"}],"version-history":[{"count":13,"href":"https:\/\/jahisil.es\/en\/wp-json\/wp\/v2\/pages\/613\/revisions"}],"predecessor-version":[{"id":674,"href":"https:\/\/jahisil.es\/en\/wp-json\/wp\/v2\/pages\/613\/revisions\/674"}],"wp:attachment":[{"href":"https:\/\/jahisil.es\/en\/wp-json\/wp\/v2\/media?parent=613"}],"curies":[{"name":"wp","href":"https:\/\/api.w.org\/{rel}","templated":true}]}}