{"id":423,"date":"2018-10-22T09:46:25","date_gmt":"2018-10-22T09:46:25","guid":{"rendered":"https:\/\/jahisil.es\/?page_id=423"},"modified":"2025-04-02T10:31:50","modified_gmt":"2025-04-02T10:31:50","slug":"ayuda-y-preguntas-frecuentes","status":"publish","type":"page","link":"https:\/\/jahisil.es\/en\/ayuda-y-preguntas-frecuentes\/","title":{"rendered":"Help"},"content":{"rendered":"<div data-elementor-type=\"wp-post\" data-elementor-id=\"423\" class=\"elementor elementor-423\">\n\t\t\t\t\t\t<section class=\"has_eae_slider elementor-section elementor-top-section elementor-element elementor-element-18b03b9 elementor-section-full_width texto_servicios elementor-section-height-default elementor-section-height-default\" data-eae-slider=\"50979\" data-id=\"18b03b9\" data-element_type=\"section\" data-e-type=\"section\" data-settings=\"{&quot;background_background&quot;:&quot;classic&quot;}\">\n\t\t\t\t\t\t<div class=\"elementor-container elementor-column-gap-default\">\n\t\t\t\t\t<div class=\"has_eae_slider elementor-column elementor-col-100 elementor-top-column elementor-element elementor-element-77acdf8\" data-eae-slider=\"51943\" data-id=\"77acdf8\" data-element_type=\"column\" data-e-type=\"column\">\n\t\t\t<div class=\"elementor-widget-wrap elementor-element-populated\">\n\t\t\t\t\t\t<div class=\"elementor-element elementor-element-77a9ff8 elementor-widget elementor-widget-heading\" data-id=\"77a9ff8\" data-element_type=\"widget\" data-e-type=\"widget\" data-widget_type=\"heading.default\">\n\t\t\t\t<div class=\"elementor-widget-container\">\n\t\t\t\t\t<h2 class=\"elementor-heading-title elementor-size-default\">Help &amp; Frequently Asked Questions<\/h2>\t\t\t\t<\/div>\n\t\t\t\t<\/div>\n\t\t\t\t<div class=\"elementor-element elementor-element-bcf2262 elementor-widget elementor-widget-eael-adv-accordion\" data-id=\"bcf2262\" data-element_type=\"widget\" data-e-type=\"widget\" data-widget_type=\"eael-adv-accordion.default\">\n\t\t\t\t<div class=\"elementor-widget-container\">\n\t\t\t\t\t            <div class=\"eael-adv-accordion\" id=\"eael-adv-accordion-bcf2262\" data-scroll-on-click=\"no\" data-scroll-speed=\"300\" data-accordion-id=\"bcf2262\" data-accordion-type=\"accordion\" data-toogle-speed=\"300\">\n            <div class=\"eael-accordion-list\">\n\t\t\t\t\t<div id=\"cmo-funciona-la-tienda\" class=\"elementor-tab-title eael-accordion-header\" tabindex=\"0\" data-tab=\"1\" aria-controls=\"elementor-tab-content-1981\"><span class=\"eael-advanced-accordion-icon-closed\"><i class=\"fa fa-plus fa-accordion-icon\"><\/i><\/span><span class=\"eael-advanced-accordion-icon-opened\"><i class=\"fa fa-minus  fa-accordion-icon\"><\/i><\/span><span class=\"eael-accordion-tab-title\">How does the store work?<\/span><i aria-hidden=\"true\" class=\"fa-toggle fas fa-long-arrow-alt-right\"><\/i><\/div><div id=\"elementor-tab-content-1981\" class=\"eael-accordion-content clearfix\" data-tab=\"1\" aria-labelledby=\"cmo-funciona-la-tienda\"><p>\u26a0\ufe0f WARNING: You must register as a user to access all the features of the web application.<\/p><p>The Zaradiet.es application is a digital platform for online product purchasing, exclusively for professionals.<\/p><p>To access the platform, you must enter the username and password provided during the registration process.<\/p><p>With the registration information, a file will be created in the system granting you access to the application, where you will be able to configure different personal options in your client area. Please note: you must be a business owner or self-employed professional.<\/p><\/div>\n\t\t\t\t\t<\/div><div class=\"eael-accordion-list\">\n\t\t\t\t\t<div id=\"realizar-un-primer-pedido\" class=\"elementor-tab-title eael-accordion-header\" tabindex=\"0\" data-tab=\"2\" aria-controls=\"elementor-tab-content-1982\"><span class=\"eael-advanced-accordion-icon-closed\"><i class=\"fa fa-plus fa-accordion-icon\"><\/i><\/span><span class=\"eael-advanced-accordion-icon-opened\"><i class=\"fa fa-minus  fa-accordion-icon\"><\/i><\/span><span class=\"eael-accordion-tab-title\">Placing Your First Order<\/span><i aria-hidden=\"true\" class=\"fa-toggle fas fa-long-arrow-alt-right\"><\/i><\/div><div id=\"elementor-tab-content-1982\" class=\"eael-accordion-content clearfix\" data-tab=\"2\" aria-labelledby=\"realizar-un-primer-pedido\"><p>To place your first order, click on \u201cNew Order.\u201d Use the advanced search tool to find the products you wish to purchase and select from the available discounts and promotions. Add the desired quantity of units to your cart, review your order, and proceed to checkout.<\/p><p>Before confirming your purchase, a detailed order summary will appear, showing totals, applied discounts, earned bonuses, and delivery and service conditions.<\/p><p>Once the order is confirmed, you must select your payment method, and your order will be registered.<\/p><\/div>\n\t\t\t\t\t<\/div><div class=\"eael-accordion-list\">\n\t\t\t\t\t<div id=\"cmo-encontrar-los-productos\" class=\"elementor-tab-title eael-accordion-header\" tabindex=\"0\" data-tab=\"3\" aria-controls=\"elementor-tab-content-1983\"><span class=\"eael-advanced-accordion-icon-closed\"><i class=\"fa fa-plus fa-accordion-icon\"><\/i><\/span><span class=\"eael-advanced-accordion-icon-opened\"><i class=\"fa fa-minus  fa-accordion-icon\"><\/i><\/span><span class=\"eael-accordion-tab-title\">How to Find Products<\/span><i aria-hidden=\"true\" class=\"fa-toggle fas fa-long-arrow-alt-right\"><\/i><\/div><div id=\"elementor-tab-content-1983\" class=\"eael-accordion-content clearfix\" data-tab=\"3\" aria-labelledby=\"cmo-encontrar-los-productos\"><p>You can search for items by trade name, ingredients, brands, or allergens, or apply filters to generate a list with images, prices, and purchasing conditions.<\/p><\/div>\n\t\t\t\t\t<\/div><div class=\"eael-accordion-list\">\n\t\t\t\t\t<div id=\"datos-de-registro\" class=\"elementor-tab-title eael-accordion-header\" tabindex=\"0\" data-tab=\"4\" aria-controls=\"elementor-tab-content-1984\"><span class=\"eael-advanced-accordion-icon-closed\"><i class=\"fa fa-plus fa-accordion-icon\"><\/i><\/span><span class=\"eael-advanced-accordion-icon-opened\"><i class=\"fa fa-minus  fa-accordion-icon\"><\/i><\/span><span class=\"eael-accordion-tab-title\">Registration Data<\/span><i aria-hidden=\"true\" class=\"fa-toggle fas fa-long-arrow-alt-right\"><\/i><\/div><div id=\"elementor-tab-content-1984\" class=\"eael-accordion-content clearfix\" data-tab=\"4\" aria-labelledby=\"datos-de-registro\"><p>To sign up for the application, you must register through the available online form and enter your billing information and shipping address. You will be asked to provide your name, address, tax identification number (CIF or DNI), type of establishment, and other required details.<\/p><\/div>\n\t\t\t\t\t<\/div><\/div>\t\t\t\t<\/div>\n\t\t\t\t<\/div>\n\t\t\t\t\t<\/div>\n\t\t<\/div>\n\t\t\t\t\t<\/div>\n\t\t<\/section>\n\t\t\t\t<section class=\"has_eae_slider elementor-section elementor-top-section elementor-element elementor-element-1da896f elementor-section-full_width elementor-section-height-default elementor-section-height-default\" data-eae-slider=\"50738\" data-id=\"1da896f\" data-element_type=\"section\" data-e-type=\"section\" data-settings=\"{&quot;background_background&quot;:&quot;classic&quot;}\">\n\t\t\t\t\t\t<div class=\"elementor-container elementor-column-gap-default\">\n\t\t\t\t\t<div class=\"has_eae_slider elementor-column elementor-col-50 elementor-top-column elementor-element elementor-element-c6d1df9\" data-eae-slider=\"32407\" data-id=\"c6d1df9\" data-element_type=\"column\" data-e-type=\"column\">\n\t\t\t<div class=\"elementor-widget-wrap elementor-element-populated\">\n\t\t\t\t\t\t<div class=\"elementor-element elementor-element-70d8ff5 elementor-widget elementor-widget-image\" data-id=\"70d8ff5\" data-element_type=\"widget\" data-e-type=\"widget\" data-widget_type=\"image.default\">\n\t\t\t\t<div class=\"elementor-widget-container\">\n\t\t\t\t\t\t\t\t\t\t\t\t\t\t\t<img decoding=\"async\" width=\"168\" height=\"40\" src=\"https:\/\/jahisil.es\/wp-content\/uploads\/2018\/07\/jahisil-blanco.png\" class=\"elementor-animation-grow attachment-medium size-medium wp-image-122\" alt=\"\" \/>\t\t\t\t\t\t\t\t\t\t\t\t\t\t\t<\/div>\n\t\t\t\t<\/div>\n\t\t\t\t<div class=\"elementor-element elementor-element-d13c02c elementor-widget elementor-widget-text-editor\" data-id=\"d13c02c\" data-element_type=\"widget\" data-e-type=\"widget\" data-widget_type=\"text-editor.default\">\n\t\t\t\t<div class=\"elementor-widget-container\">\n\t\t\t\t\t\t\t\t\t<p>Jahisil is a wholesale distributor of natural products, dietetics, and parapharmacy in Spain. We supply herbal shops, pharmacies, organic supermarkets, and online stores with 24-hour service and over 400 brands.<\/p>\t\t\t\t\t\t\t\t<\/div>\n\t\t\t\t<\/div>\n\t\t\t\t<div class=\"elementor-element elementor-element-97a7586 elementor-widget-divider--view-line elementor-widget elementor-widget-divider\" data-id=\"97a7586\" data-element_type=\"widget\" data-e-type=\"widget\" data-widget_type=\"divider.default\">\n\t\t\t\t<div class=\"elementor-widget-container\">\n\t\t\t\t\t\t\t<div class=\"elementor-divider\">\n\t\t\t<span class=\"elementor-divider-separator\">\n\t\t\t\t\t\t<\/span>\n\t\t<\/div>\n\t\t\t\t\t\t<\/div>\n\t\t\t\t<\/div>\n\t\t\t\t<div class=\"elementor-element elementor-element-6356ec4 elementor-widget__width-initial elementor-icon-list--layout-traditional elementor-list-item-link-full_width elementor-widget elementor-widget-icon-list\" data-id=\"6356ec4\" data-element_type=\"widget\" data-e-type=\"widget\" data-widget_type=\"icon-list.default\">\n\t\t\t\t<div class=\"elementor-widget-container\">\n\t\t\t\t\t\t\t<ul class=\"elementor-icon-list-items\">\n\t\t\t\t\t\t\t<li class=\"elementor-icon-list-item\">\n\t\t\t\t\t\t\t\t\t\t\t<a href=\"https:\/\/g.co\/kgs\/SGhPYDz\">\n\n\t\t\t\t\t\t\t\t\t\t\t\t<span class=\"elementor-icon-list-icon\">\n\t\t\t\t\t\t\t<i aria-hidden=\"true\" class=\"far fa-map\"><\/i>\t\t\t\t\t\t<\/span>\n\t\t\t\t\t\t\t\t\t\t<span class=\"elementor-icon-list-text\">Pol. Ind. de Prides, Nave, 1A, 50720 Cartuja Baja, Zaragoza.<\/span>\n\t\t\t\t\t\t\t\t\t\t\t<\/a>\n\t\t\t\t\t\t\t\t\t<\/li>\n\t\t\t\t\t\t\t\t<li class=\"elementor-icon-list-item\">\n\t\t\t\t\t\t\t\t\t\t\t<span class=\"elementor-icon-list-icon\">\n\t\t\t\t\t\t\t<i aria-hidden=\"true\" class=\"fas fa-phone-alt\"><\/i>\t\t\t\t\t\t<\/span>\n\t\t\t\t\t\t\t\t\t\t<span class=\"elementor-icon-list-text\">976 45 42 40<\/span>\n\t\t\t\t\t\t\t\t\t<\/li>\n\t\t\t\t\t\t<\/ul>\n\t\t\t\t\t\t<\/div>\n\t\t\t\t<\/div>\n\t\t\t\t\t<\/div>\n\t\t<\/div>\n\t\t\t\t<div class=\"has_eae_slider elementor-column elementor-col-50 elementor-top-column elementor-element elementor-element-af5e62b elementor-hidden-mobile\" data-eae-slider=\"53566\" data-id=\"af5e62b\" data-element_type=\"column\" data-e-type=\"column\">\n\t\t\t<div class=\"elementor-widget-wrap elementor-element-populated\">\n\t\t\t\t\t\t<div class=\"elementor-element elementor-element-5a97a92 elementor-widget elementor-widget-spacer\" data-id=\"5a97a92\" data-element_type=\"widget\" data-e-type=\"widget\" data-widget_type=\"spacer.default\">\n\t\t\t\t<div class=\"elementor-widget-container\">\n\t\t\t\t\t\t\t<div class=\"elementor-spacer\">\n\t\t\t<div class=\"elementor-spacer-inner\"><\/div>\n\t\t<\/div>\n\t\t\t\t\t\t<\/div>\n\t\t\t\t<\/div>\n\t\t\t\t<section class=\"has_eae_slider elementor-section elementor-inner-section elementor-element elementor-element-5790b34 elementor-section-boxed elementor-section-height-default elementor-section-height-default\" data-eae-slider=\"87600\" data-id=\"5790b34\" data-element_type=\"section\" data-e-type=\"section\">\n\t\t\t\t\t\t<div class=\"elementor-container elementor-column-gap-default\">\n\t\t\t\t\t<div class=\"has_eae_slider elementor-column elementor-col-50 elementor-inner-column elementor-element elementor-element-531e36b\" data-eae-slider=\"9286\" data-id=\"531e36b\" data-element_type=\"column\" data-e-type=\"column\">\n\t\t\t<div class=\"elementor-widget-wrap elementor-element-populated\">\n\t\t\t\t\t\t<div class=\"elementor-element elementor-element-edf383d elementor-widget elementor-widget-text-editor\" data-id=\"edf383d\" data-element_type=\"widget\" data-e-type=\"widget\" data-widget_type=\"text-editor.default\">\n\t\t\t\t<div class=\"elementor-widget-container\">\n\t\t\t\t\t\t\t\t\t<p><a href=\"https:\/\/jahisil.es\/en\/distribuidor-mayorista-herbolario-dietetica\/\">Wholesale Distributor for Herbalists and Dietetics<\/a><\/p><p><a href=\"https:\/\/jahisil.es\/en\/mayorista-parafarmacia-farmacias\/\">Wholesale Parapharmacy Distributor for Pharmacies<\/a><\/p><p><a href=\"https:\/\/jahisil.es\/en\/distribuidor-productos-naturales-tiendas-online\/\">Distributor of Natural Products for Online Stores<\/a><\/p><p><a href=\"https:\/\/jahisil.es\/en\/proveedor-productos-naturales-supermercados\/\">Wholesale for Supermarkets and Organic Shops<\/a><\/p>\t\t\t\t\t\t\t\t<\/div>\n\t\t\t\t<\/div>\n\t\t\t\t\t<\/div>\n\t\t<\/div>\n\t\t\t\t<div class=\"has_eae_slider elementor-column elementor-col-50 elementor-inner-column elementor-element elementor-element-e7427cb\" data-eae-slider=\"18581\" data-id=\"e7427cb\" data-element_type=\"column\" data-e-type=\"column\">\n\t\t\t<div class=\"elementor-widget-wrap elementor-element-populated\">\n\t\t\t\t\t\t<div class=\"elementor-element elementor-element-a427675 elementor-widget elementor-widget-text-editor\" data-id=\"a427675\" data-element_type=\"widget\" data-e-type=\"widget\" data-widget_type=\"text-editor.default\">\n\t\t\t\t<div class=\"elementor-widget-container\">\n\t\t\t\t\t\t\t\t\t<p><a href=\"https:\/\/jahisil.es\/en\/distribucion\/\">About Us<\/a><\/p><p><a href=\"https:\/\/jahisil.es\/en\/tienda-online-para-profesionales-zaradiet\/\">Shop<\/a><\/p><p><a href=\"https:\/\/jahisil.es\/en\/contacto\/\">Contact<\/a><\/p><p><a href=\"https:\/\/zaradiet.es\/\">Access zaradiet.es<\/a><\/p><p><a href=\"https:\/\/jahisil.es\/en\/ayuda-y-preguntas-frecuentes\/\">Help<\/a><\/p>\t\t\t\t\t\t\t\t<\/div>\n\t\t\t\t<\/div>\n\t\t\t\t\t<\/div>\n\t\t<\/div>\n\t\t\t\t\t<\/div>\n\t\t<\/section>\n\t\t\t\t\t<\/div>\n\t\t<\/div>\n\t\t\t\t\t<\/div>\n\t\t<\/section>\n\t\t\t\t<\/div>","protected":false},"excerpt":{"rendered":"<p>Ayuda y Preguntas frecuentes \u00bfC\u00f3mo funciona la tienda? ADVERTENCIA: Debe darse de alta como usuario registrado para acceder a todas las funcionalidades de la aplicaci\u00f3n web. La aplicaci\u00f3n Zaradiet.es es una plataforma digital para la compra de productos online exclusiva para profesionales. Para acceder a la plataforma deber\u00e1 introducir la clave de usuario y contrase\u00f1a [&hellip;]<\/p>","protected":false},"author":1,"featured_media":0,"parent":0,"menu_order":0,"comment_status":"closed","ping_status":"closed","template":"","meta":{"site-sidebar-layout":"no-sidebar","site-content-layout":"page-builder","ast-site-content-layout":"","site-content-style":"default","site-sidebar-style":"default","ast-global-header-display":"","ast-banner-title-visibility":"","ast-main-header-display":"","ast-hfb-above-header-display":"","ast-hfb-below-header-display":"","ast-hfb-mobile-header-display":"","site-post-title":"disabled","ast-breadcrumbs-content":"","ast-featured-img":"disabled","footer-sml-layout":"","theme-transparent-header-meta":"default","adv-header-id-meta":"","stick-header-meta":"","header-above-stick-meta":"","header-main-stick-meta":"","header-below-stick-meta":"","astra-migrate-meta-layouts":"default","ast-page-background-enabled":"default","ast-page-background-meta":{"desktop":{"background-color":"","background-image":"","background-repeat":"repeat","background-position":"center center","background-size":"auto","background-attachment":"scroll","background-type":"","background-media":"","overlay-type":"","overlay-color":"","overlay-opacity":"","overlay-gradient":""},"tablet":{"background-color":"","background-image":"","background-repeat":"repeat","background-position":"center center","background-size":"auto","background-attachment":"scroll","background-type":"","background-media":"","overlay-type":"","overlay-color":"","overlay-opacity":"","overlay-gradient":""},"mobile":{"background-color":"","background-image":"","background-repeat":"repeat","background-position":"center center","background-size":"auto","background-attachment":"scroll","background-type":"","background-media":"","overlay-type":"","overlay-color":"","overlay-opacity":"","overlay-gradient":""}},"ast-content-background-meta":{"desktop":{"background-color":"var(--ast-global-color-5)","background-image":"","background-repeat":"repeat","background-position":"center center","background-size":"auto","background-attachment":"scroll","background-type":"","background-media":"","overlay-type":"","overlay-color":"","overlay-opacity":"","overlay-gradient":""},"tablet":{"background-color":"var(--ast-global-color-5)","background-image":"","background-repeat":"repeat","background-position":"center center","background-size":"auto","background-attachment":"scroll","background-type":"","background-media":"","overlay-type":"","overlay-color":"","overlay-opacity":"","overlay-gradient":""},"mobile":{"background-color":"var(--ast-global-color-5)","background-image":"","background-repeat":"repeat","background-position":"center center","background-size":"auto","background-attachment":"scroll","background-type":"","background-media":"","overlay-type":"","overlay-color":"","overlay-opacity":"","overlay-gradient":""}},"footnotes":""},"class_list":["post-423","page","type-page","status-publish","hentry"],"yoast_head":"<!-- This site is optimized with the Yoast SEO plugin v27.5 - https:\/\/yoast.com\/product\/yoast-seo-wordpress\/ -->\n<title>Ayuda - Jahisil | Mayorista y distribuidor de diet\u00e9tica y parafarmacia<\/title>\n<meta name=\"description\" content=\"Aqu\u00ed encontrar\u00e1s algunos consejos para realizar tus pedidos correctamente. Si no encuentras lo que buscas en esta p\u00e1gina, ll\u00e1manos y te atenderemos.\" \/>\n<meta name=\"robots\" content=\"index, follow, max-snippet:-1, max-image-preview:large, max-video-preview:-1\" \/>\n<link rel=\"canonical\" href=\"https:\/\/jahisil.es\/en\/ayuda-y-preguntas-frecuentes\/\" \/>\n<meta property=\"og:locale\" content=\"en_GB\" \/>\n<meta property=\"og:type\" content=\"article\" \/>\n<meta property=\"og:title\" content=\"Ayuda - Jahisil | Mayorista y distribuidor de diet\u00e9tica y parafarmacia\" \/>\n<meta property=\"og:description\" content=\"Aqu\u00ed encontrar\u00e1s algunos consejos para realizar tus pedidos correctamente. Si no encuentras lo que buscas en esta p\u00e1gina, ll\u00e1manos y te atenderemos.\" \/>\n<meta property=\"og:url\" content=\"https:\/\/jahisil.es\/en\/ayuda-y-preguntas-frecuentes\/\" \/>\n<meta property=\"og:site_name\" content=\"Jahisil\" \/>\n<meta property=\"article:publisher\" content=\"https:\/\/www.facebook.com\/jahisilzaradiet\" \/>\n<meta property=\"article:modified_time\" content=\"2025-04-02T10:31:50+00:00\" \/>\n<meta property=\"og:image\" content=\"https:\/\/jahisil.es\/wp-content\/uploads\/2018\/07\/jahisil-blanco.png\" \/>\n\t<meta property=\"og:image:width\" content=\"168\" \/>\n\t<meta property=\"og:image:height\" content=\"40\" \/>\n\t<meta property=\"og:image:type\" content=\"image\/png\" \/>\n<meta name=\"twitter:card\" content=\"summary_large_image\" \/>\n<meta name=\"twitter:label1\" content=\"Estimated reading time\" \/>\n\t<meta name=\"twitter:data1\" content=\"2 minutes\" \/>\n<script type=\"application\/ld+json\" class=\"yoast-schema-graph\">{\"@context\":\"https:\\\/\\\/schema.org\",\"@graph\":[{\"@type\":\"WebPage\",\"@id\":\"https:\\\/\\\/jahisil.es\\\/ayuda-y-preguntas-frecuentes\\\/\",\"url\":\"https:\\\/\\\/jahisil.es\\\/ayuda-y-preguntas-frecuentes\\\/\",\"name\":\"Ayuda - Jahisil | Mayorista y distribuidor de diet\u00e9tica y parafarmacia\",\"isPartOf\":{\"@id\":\"https:\\\/\\\/jahisil.es\\\/#website\"},\"primaryImageOfPage\":{\"@id\":\"https:\\\/\\\/jahisil.es\\\/ayuda-y-preguntas-frecuentes\\\/#primaryimage\"},\"image\":{\"@id\":\"https:\\\/\\\/jahisil.es\\\/ayuda-y-preguntas-frecuentes\\\/#primaryimage\"},\"thumbnailUrl\":\"https:\\\/\\\/jahisil.es\\\/wp-content\\\/uploads\\\/2018\\\/07\\\/jahisil-blanco.png\",\"datePublished\":\"2018-10-22T09:46:25+00:00\",\"dateModified\":\"2025-04-02T10:31:50+00:00\",\"description\":\"Aqu\u00ed encontrar\u00e1s algunos consejos para realizar tus pedidos correctamente. Si no encuentras lo que buscas en esta p\u00e1gina, ll\u00e1manos y te atenderemos.\",\"breadcrumb\":{\"@id\":\"https:\\\/\\\/jahisil.es\\\/ayuda-y-preguntas-frecuentes\\\/#breadcrumb\"},\"inLanguage\":\"en-GB\",\"potentialAction\":[{\"@type\":\"ReadAction\",\"target\":[\"https:\\\/\\\/jahisil.es\\\/ayuda-y-preguntas-frecuentes\\\/\"]}]},{\"@type\":\"ImageObject\",\"inLanguage\":\"en-GB\",\"@id\":\"https:\\\/\\\/jahisil.es\\\/ayuda-y-preguntas-frecuentes\\\/#primaryimage\",\"url\":\"https:\\\/\\\/jahisil.es\\\/wp-content\\\/uploads\\\/2018\\\/07\\\/jahisil-blanco.png\",\"contentUrl\":\"https:\\\/\\\/jahisil.es\\\/wp-content\\\/uploads\\\/2018\\\/07\\\/jahisil-blanco.png\"},{\"@type\":\"BreadcrumbList\",\"@id\":\"https:\\\/\\\/jahisil.es\\\/ayuda-y-preguntas-frecuentes\\\/#breadcrumb\",\"itemListElement\":[{\"@type\":\"ListItem\",\"position\":1,\"name\":\"Portada\",\"item\":\"https:\\\/\\\/jahisil.es\\\/\"},{\"@type\":\"ListItem\",\"position\":2,\"name\":\"Ayuda\"}]},{\"@type\":\"WebSite\",\"@id\":\"https:\\\/\\\/jahisil.es\\\/#website\",\"url\":\"https:\\\/\\\/jahisil.es\\\/\",\"name\":\"Jahisil\",\"description\":\"Especialistas en cuidarte\",\"publisher\":{\"@id\":\"https:\\\/\\\/jahisil.es\\\/#organization\"},\"potentialAction\":[{\"@type\":\"SearchAction\",\"target\":{\"@type\":\"EntryPoint\",\"urlTemplate\":\"https:\\\/\\\/jahisil.es\\\/?s={search_term_string}\"},\"query-input\":{\"@type\":\"PropertyValueSpecification\",\"valueRequired\":true,\"valueName\":\"search_term_string\"}}],\"inLanguage\":\"en-GB\"},{\"@type\":\"Organization\",\"@id\":\"https:\\\/\\\/jahisil.es\\\/#organization\",\"name\":\"Jahisil\",\"url\":\"https:\\\/\\\/jahisil.es\\\/\",\"logo\":{\"@type\":\"ImageObject\",\"inLanguage\":\"en-GB\",\"@id\":\"https:\\\/\\\/jahisil.es\\\/#\\\/schema\\\/logo\\\/image\\\/\",\"url\":\"https:\\\/\\\/jahisil.es\\\/wp-content\\\/uploads\\\/2024\\\/09\\\/cropped-jahisil-logo-52px-con-transparencia.png\",\"contentUrl\":\"https:\\\/\\\/jahisil.es\\\/wp-content\\\/uploads\\\/2024\\\/09\\\/cropped-jahisil-logo-52px-con-transparencia.png\",\"width\":190,\"height\":51,\"caption\":\"Jahisil\"},\"image\":{\"@id\":\"https:\\\/\\\/jahisil.es\\\/#\\\/schema\\\/logo\\\/image\\\/\"},\"sameAs\":[\"https:\\\/\\\/www.facebook.com\\\/jahisilzaradiet\",\"https:\\\/\\\/es.linkedin.com\\\/company\\\/jahisil\"]}]}<\/script>\n<!-- \/ Yoast SEO plugin. -->","yoast_head_json":{"title":"Ayuda - Jahisil | Mayorista y distribuidor de diet\u00e9tica y parafarmacia","description":"Aqu\u00ed encontrar\u00e1s algunos consejos para realizar tus pedidos correctamente. Si no encuentras lo que buscas en esta p\u00e1gina, ll\u00e1manos y te atenderemos.","robots":{"index":"index","follow":"follow","max-snippet":"max-snippet:-1","max-image-preview":"max-image-preview:large","max-video-preview":"max-video-preview:-1"},"canonical":"https:\/\/jahisil.es\/en\/ayuda-y-preguntas-frecuentes\/","og_locale":"en_GB","og_type":"article","og_title":"Ayuda - Jahisil | Mayorista y distribuidor de diet\u00e9tica y parafarmacia","og_description":"Aqu\u00ed encontrar\u00e1s algunos consejos para realizar tus pedidos correctamente. Si no encuentras lo que buscas en esta p\u00e1gina, ll\u00e1manos y te atenderemos.","og_url":"https:\/\/jahisil.es\/en\/ayuda-y-preguntas-frecuentes\/","og_site_name":"Jahisil","article_publisher":"https:\/\/www.facebook.com\/jahisilzaradiet","article_modified_time":"2025-04-02T10:31:50+00:00","og_image":[{"width":168,"height":40,"url":"https:\/\/jahisil.es\/wp-content\/uploads\/2018\/07\/jahisil-blanco.png","type":"image\/png"}],"twitter_card":"summary_large_image","twitter_misc":{"Estimated reading time":"2 minutes"},"schema":{"@context":"https:\/\/schema.org","@graph":[{"@type":"WebPage","@id":"https:\/\/jahisil.es\/ayuda-y-preguntas-frecuentes\/","url":"https:\/\/jahisil.es\/ayuda-y-preguntas-frecuentes\/","name":"Ayuda - Jahisil | Mayorista y distribuidor de diet\u00e9tica y parafarmacia","isPartOf":{"@id":"https:\/\/jahisil.es\/#website"},"primaryImageOfPage":{"@id":"https:\/\/jahisil.es\/ayuda-y-preguntas-frecuentes\/#primaryimage"},"image":{"@id":"https:\/\/jahisil.es\/ayuda-y-preguntas-frecuentes\/#primaryimage"},"thumbnailUrl":"https:\/\/jahisil.es\/wp-content\/uploads\/2018\/07\/jahisil-blanco.png","datePublished":"2018-10-22T09:46:25+00:00","dateModified":"2025-04-02T10:31:50+00:00","description":"Aqu\u00ed encontrar\u00e1s algunos consejos para realizar tus pedidos correctamente. Si no encuentras lo que buscas en esta p\u00e1gina, ll\u00e1manos y te atenderemos.","breadcrumb":{"@id":"https:\/\/jahisil.es\/ayuda-y-preguntas-frecuentes\/#breadcrumb"},"inLanguage":"en-GB","potentialAction":[{"@type":"ReadAction","target":["https:\/\/jahisil.es\/ayuda-y-preguntas-frecuentes\/"]}]},{"@type":"ImageObject","inLanguage":"en-GB","@id":"https:\/\/jahisil.es\/ayuda-y-preguntas-frecuentes\/#primaryimage","url":"https:\/\/jahisil.es\/wp-content\/uploads\/2018\/07\/jahisil-blanco.png","contentUrl":"https:\/\/jahisil.es\/wp-content\/uploads\/2018\/07\/jahisil-blanco.png"},{"@type":"BreadcrumbList","@id":"https:\/\/jahisil.es\/ayuda-y-preguntas-frecuentes\/#breadcrumb","itemListElement":[{"@type":"ListItem","position":1,"name":"Portada","item":"https:\/\/jahisil.es\/"},{"@type":"ListItem","position":2,"name":"Ayuda"}]},{"@type":"WebSite","@id":"https:\/\/jahisil.es\/#website","url":"https:\/\/jahisil.es\/","name":"Jahisil","description":"Especialistas en cuidarte","publisher":{"@id":"https:\/\/jahisil.es\/#organization"},"potentialAction":[{"@type":"SearchAction","target":{"@type":"EntryPoint","urlTemplate":"https:\/\/jahisil.es\/?s={search_term_string}"},"query-input":{"@type":"PropertyValueSpecification","valueRequired":true,"valueName":"search_term_string"}}],"inLanguage":"en-GB"},{"@type":"Organization","@id":"https:\/\/jahisil.es\/#organization","name":"Jahisil","url":"https:\/\/jahisil.es\/","logo":{"@type":"ImageObject","inLanguage":"en-GB","@id":"https:\/\/jahisil.es\/#\/schema\/logo\/image\/","url":"https:\/\/jahisil.es\/wp-content\/uploads\/2024\/09\/cropped-jahisil-logo-52px-con-transparencia.png","contentUrl":"https:\/\/jahisil.es\/wp-content\/uploads\/2024\/09\/cropped-jahisil-logo-52px-con-transparencia.png","width":190,"height":51,"caption":"Jahisil"},"image":{"@id":"https:\/\/jahisil.es\/#\/schema\/logo\/image\/"},"sameAs":["https:\/\/www.facebook.com\/jahisilzaradiet","https:\/\/es.linkedin.com\/company\/jahisil"]}]}},"_links":{"self":[{"href":"https:\/\/jahisil.es\/en\/wp-json\/wp\/v2\/pages\/423","targetHints":{"allow":["GET"]}}],"collection":[{"href":"https:\/\/jahisil.es\/en\/wp-json\/wp\/v2\/pages"}],"about":[{"href":"https:\/\/jahisil.es\/en\/wp-json\/wp\/v2\/types\/page"}],"author":[{"embeddable":true,"href":"https:\/\/jahisil.es\/en\/wp-json\/wp\/v2\/users\/1"}],"replies":[{"embeddable":true,"href":"https:\/\/jahisil.es\/en\/wp-json\/wp\/v2\/comments?post=423"}],"version-history":[{"count":20,"href":"https:\/\/jahisil.es\/en\/wp-json\/wp\/v2\/pages\/423\/revisions"}],"predecessor-version":[{"id":2354,"href":"https:\/\/jahisil.es\/en\/wp-json\/wp\/v2\/pages\/423\/revisions\/2354"}],"wp:attachment":[{"href":"https:\/\/jahisil.es\/en\/wp-json\/wp\/v2\/media?parent=423"}],"curies":[{"name":"wp","href":"https:\/\/api.w.org\/{rel}","templated":true}]}}